{"id":12084,"date":"2021-01-17T05:06:12","date_gmt":"2021-01-17T05:06:12","guid":{"rendered":"https:\/\/melanybrown.com\/?page_id=3"},"modified":"2022-05-12T08:27:17","modified_gmt":"2022-05-12T08:27:17","slug":"privacy-policy-2","status":"publish","type":"page","link":"https:\/\/melanybrown.com\/en\/privacy-policy-2\/","title":{"rendered":"Privacy policy"},"content":{"rendered":"<p><\/p>\n\n\n<\/p>\n<h4 class=\"wp-block-heading\">Who are we?<\/h4>\n<p>\n\n\n\n<\/p>\n<p>Our website is: <strong>https:\/\/melanybrown.com.<\/strong><\/p>\n<p>\u00a0<\/p>\n<p>\n\n\n\n<\/p>\n<h4 class=\"wp-block-heading\">What personal data do we collect and for what purpose?<\/h4>\n<p>\n\n\n\n<\/p>\n<h6 class=\"wp-block-heading\">Comments<\/h6>\n<p>\n\n\n\n<\/p>\n<p>Lorsque les visiteurs laissent des commentaires sur le site, nous collectons les donn\u00e9es affich\u00e9es dans le formulaire de commentaires, ainsi que l&#8217;adresse IP du visiteur et la cha\u00eene de l&#8217;agent utilisateur du navigateur pour faciliter la d\u00e9tection du spam.<\/p>\n<p>Une s\u00e9quence anonyme cr\u00e9\u00e9e \u00e0 partir de votre adresse e-mail (\u00e9galement appel\u00e9e hachage) peut \u00eatre fournie au service Gravatar pour voir si vous l&#8217;utilisez. La politique de confidentialit\u00e9 du service Gravatar est disponible ici : https:\/\/automattic.com\/privacy\/. Apr\u00e8s validation de votre commentaire, votre photo de profil est visible publiquement \u00e0 c\u00f4t\u00e9 de votre commentaire.<\/p>\n<p>\n\n\n\n<\/p>\n<h6 class=\"wp-block-heading\">Media<\/h6>\n<p>\n\n\n\n<\/p>\n<p>If you upload images to the website, you should avoid uploading images with embedded location data (EXIF GPS) included. Website visitors can download and extract all location data from images on the website.<\/p>\n<p>\n\n\n\n<\/p>\n<h6 class=\"wp-block-heading\">Contact form<\/h6>\n<p>\n\n\n\n<\/p>\n<h6 class=\"wp-block-heading\">Cookies<\/h6>\n<p>\n\n\n\n<\/p>\n<p>Si vous laissez un commentaire sur notre site, vous pouvez choisir d&#8217;enregistrer votre nom, votre adresse e-mail et votre site Web dans des cookies. Ceux-ci sont pour votre commodit\u00e9 afin que vous n&#8217;ayez pas \u00e0 remplir \u00e0 nouveau vos coordonn\u00e9es lorsque vous laissez un autre commentaire. Ces cookies dureront un an.<\/p>\n<p>If you visit our login page, we will set a temporary cookie to determine if your browser accepts cookies. This cookie does not contain any personal data and is deleted when you close your browser.<\/p>\n<p>Lors de votre connexion, nous mettrons \u00e9galement en place plusieurs cookies pour enregistrer vos informations de connexion et vos choix d&#8217;affichage \u00e0 l&#8217;\u00e9cran. Les cookies de connexion durent deux jours et les cookies d&#8217;options d&#8217;\u00e9cran durent un an. Si vous s\u00e9lectionnez &#8220;Se souvenir de moi&#8221;, votre connexion persistera pendant deux semaines. Si vous vous d\u00e9connectez de votre compte, les cookies de connexion seront supprim\u00e9s.<\/p>\n<p>Si vous modifiez ou publiez un article, un cookie suppl\u00e9mentaire sera enregistr\u00e9 dans votre navigateur. Ce cookie ne contient aucune donn\u00e9e personnelle et indique simplement l&#8217;identifiant de publication de l&#8217;article que vous venez d&#8217;\u00e9diter. Il expire apr\u00e8s 1 jour.<\/p>\n<p>\n\n\n\n<\/p>\n<h6 class=\"wp-block-heading\">Contenu provenant d&#8217;autres sites Web<\/h6>\n<p>\n\n\n\n<\/p>\n<p>Les articles de ce site peuvent inclure des contenus int\u00e9gr\u00e9s (par exemple des vid\u00e9os, des images, des articles, etc.). Le contenu int\u00e9gr\u00e9 d&#8217;autres sites Web se comporte exactement de la m\u00eame mani\u00e8re que si le visiteur avait visit\u00e9 l&#8217;autre site Web.<\/p>\n<p>These websites may collect data about you, use cookies, embed additional third-party tracking, and monitor your interaction with that embedded content, including tracking your interaction with the embedded content if you have an account and are logged in to that site. website.<\/p>\n<p>\n\n\n\n<\/p>\n<h6 class=\"wp-block-heading\">Analytics<\/h6>\n<p>\u00a0<\/p>\n<p>\n\n\n\n<\/p>\n<h4 class=\"wp-block-heading\">Who do we share your data with?<\/h4>\n<p>\n\n\n\n<\/p>\n<p>Si vous demandez une r\u00e9initialisation de mot de passe, votre adresse IP sera incluse dans l&#8217;e-mail de r\u00e9initialisation.<\/p>\n<p>\u00a0<\/p>\n<p>\n\n\n\n<\/p>\n<h4 class=\"wp-block-heading\">How long do we keep your data?<\/h4>\n<p>\n\n\n\n<\/p>\n<p>Si vous laissez un commentaire, le commentaire et ses m\u00e9tadonn\u00e9es sont conserv\u00e9s ind\u00e9finiment. Cela nous permet de reconna\u00eetre et d&#8217;approuver automatiquement tous les commentaires de suivi au lieu de les conserver dans une file d&#8217;attente de mod\u00e9ration.<\/p>\n<p>Pour les utilisateurs qui s&#8217;inscrivent sur notre site Web (le cas \u00e9ch\u00e9ant), nous stockons \u00e9galement les informations personnelles qu&#8217;ils fournissent dans leur profil d&#8217;utilisateur. Tous les utilisateurs peuvent voir, modifier ou supprimer leurs informations personnelles \u00e0 tout moment (sauf qu&#8217;ils ne peuvent pas changer leur nom d&#8217;utilisateur). Les administrateurs du site Web peuvent \u00e9galement voir et modifier ces informations.<\/p>\n<p>\u00a0<\/p>\n<p>\n\n\n\n<\/p>\n<h4 class=\"wp-block-heading\">What rights do you have over your data?<\/h4>\n<p>\n\n\n\n<\/p>\n<p>Si vous avez un compte sur ce site, ou avez laiss\u00e9 des commentaires, vous pouvez demander \u00e0 recevoir un fichier export\u00e9 des donn\u00e9es personnelles que nous d\u00e9tenons \u00e0 votre sujet, y compris toutes les donn\u00e9es que vous nous avez fournies. Vous pouvez \u00e9galement nous demander d&#8217;effacer toutes les donn\u00e9es personnelles que nous d\u00e9tenons \u00e0 votre sujet. Cela n&#8217;inclut pas les donn\u00e9es que nous sommes oblig\u00e9s de conserver \u00e0 des fins administratives, juridiques ou de s\u00e9curit\u00e9.<\/p>\n<p>\u00a0<\/p>\n<p>\n\n\n\n<\/p>\n<h4 class=\"wp-block-heading\">Where do we send your data?\u00a0<\/h4>\n<p>\n\n\n\n<\/p>\n<p>Visitor comments may be checked by an automated spam detection service.<\/p>\n<p>\n\n\n<p><\/p>","protected":false},"excerpt":{"rendered":"<p>Qui sommes-nous? Notre site web est le suivant: https:\/\/melanybrown.com. \u00a0 Quelles donn\u00e9es personnelles collectons-nous et dans quel but? Commentaires Lorsque les visiteurs laissent des commentaires sur le site, nous collectons les donn\u00e9es affich\u00e9es dans le formulaire de commentaires, ainsi que l&#8217;adresse IP du visiteur et la cha\u00eene de l&#8217;agent utilisateur du navigateur pour faciliter la [&hellip;]<\/p>\n","protected":false},"author":1,"featured_media":0,"parent":0,"menu_order":0,"comment_status":"closed","ping_status":"open","template":"","meta":{"footnotes":""},"class_list":["post-12084","page","type-page","status-publish","hentry"],"_links":{"self":[{"href":"https:\/\/melanybrown.com\/en\/wp-json\/wp\/v2\/pages\/12084","targetHints":{"allow":["GET"]}}],"collection":[{"href":"https:\/\/melanybrown.com\/en\/wp-json\/wp\/v2\/pages"}],"about":[{"href":"https:\/\/melanybrown.com\/en\/wp-json\/wp\/v2\/types\/page"}],"author":[{"embeddable":true,"href":"https:\/\/melanybrown.com\/en\/wp-json\/wp\/v2\/users\/1"}],"replies":[{"embeddable":true,"href":"https:\/\/melanybrown.com\/en\/wp-json\/wp\/v2\/comments?post=12084"}],"version-history":[{"count":5,"href":"https:\/\/melanybrown.com\/en\/wp-json\/wp\/v2\/pages\/12084\/revisions"}],"predecessor-version":[{"id":44024,"href":"https:\/\/melanybrown.com\/en\/wp-json\/wp\/v2\/pages\/12084\/revisions\/44024"}],"wp:attachment":[{"href":"https:\/\/melanybrown.com\/en\/wp-json\/wp\/v2\/media?parent=12084"}],"curies":[{"name":"wp","href":"https:\/\/api.w.org\/{rel}","templated":true}]}}