{"id":357,"date":"2021-01-29T16:32:28","date_gmt":"2021-01-29T16:32:28","guid":{"rendered":"https:\/\/melanybrown.com\/?page_id=357"},"modified":"2022-05-18T22:03:58","modified_gmt":"2022-05-18T22:03:58","slug":"a-propos-de-nous","status":"publish","type":"page","link":"https:\/\/melanybrown.com\/en\/a-propos-de-nous\/","title":{"rendered":"ABOUT US"},"content":{"rendered":"<div data-elementor-type=\"wp-page\" data-elementor-id=\"357\" class=\"elementor elementor-357\" data-elementor-post-type=\"page\">\n\t\t\t\t\t\t<section class=\"elementor-section elementor-top-section elementor-element elementor-element-252c643 elementor-section-boxed elementor-section-height-default elementor-section-height-default\" data-id=\"252c643\" data-element_type=\"section\" data-e-type=\"section\">\n\t\t\t\t\t\t<div class=\"elementor-container elementor-column-gap-default\">\n\t\t\t\t\t<div class=\"elementor-column elementor-col-50 elementor-top-column elementor-element elementor-element-0ca75ac\" data-id=\"0ca75ac\" data-element_type=\"column\" data-e-type=\"column\">\n\t\t\t<div class=\"elementor-widget-wrap elementor-element-populated\">\n\t\t\t\t\t\t<div class=\"elementor-element elementor-element-88ede58 elementor-widget elementor-widget-image\" data-id=\"88ede58\" data-element_type=\"widget\" data-e-type=\"widget\" data-widget_type=\"image.default\">\n\t\t\t\t<div class=\"elementor-widget-container\">\n\t\t\t\t\t\t\t\t\t\t\t\t\t\t\t<img fetchpriority=\"high\" decoding=\"async\" width=\"1024\" height=\"683\" src=\"https:\/\/melanybrown.com\/wp-content\/uploads\/2022\/04\/MUSE-MNQ-WEB-scaled-1024x683.jpg\" class=\"attachment-large size-large wp-image-43269\" alt=\"\" srcset=\"https:\/\/melanybrown.com\/wp-content\/uploads\/2022\/04\/MUSE-MNQ-WEB-scaled-1024x683.jpg 1024w, https:\/\/melanybrown.com\/wp-content\/uploads\/2022\/04\/MUSE-MNQ-WEB-scaled-300x200.jpg 300w, https:\/\/melanybrown.com\/wp-content\/uploads\/2022\/04\/MUSE-MNQ-WEB-scaled-768x512.jpg 768w, https:\/\/melanybrown.com\/wp-content\/uploads\/2022\/04\/MUSE-MNQ-WEB-scaled-600x400.jpg 600w, https:\/\/melanybrown.com\/wp-content\/uploads\/2022\/04\/MUSE-MNQ-WEB-scaled-1536x1024.jpg 1536w, https:\/\/melanybrown.com\/wp-content\/uploads\/2022\/04\/MUSE-MNQ-WEB-scaled-2048x1366.jpg 2048w, https:\/\/melanybrown.com\/wp-content\/uploads\/2022\/04\/MUSE-MNQ-WEB-scaled-18x12.jpg 18w\" sizes=\"(max-width: 1024px) 100vw, 1024px\" title=\"\">\t\t\t\t\t\t\t\t\t\t\t\t\t\t\t<\/div>\n\t\t\t\t<\/div>\n\t\t\t\t\t<\/div>\n\t\t<\/div>\n\t\t\t\t<div class=\"elementor-column elementor-col-50 elementor-top-column elementor-element elementor-element-82494d5\" data-id=\"82494d5\" data-element_type=\"column\" data-e-type=\"column\">\n\t\t\t<div class=\"elementor-widget-wrap elementor-element-populated\">\n\t\t\t\t\t\t<div class=\"elementor-element elementor-element-4cde658 elementor-widget elementor-widget-heading\" data-id=\"4cde658\" data-element_type=\"widget\" data-e-type=\"widget\" data-widget_type=\"heading.default\">\n\t\t\t\t<div class=\"elementor-widget-container\">\n\t\t\t\t\t<h2 class=\"elementor-heading-title elementor-size-default\">OUR BRAND<\/h2>\t\t\t\t<\/div>\n\t\t\t\t<\/div>\n\t\t\t\t<div class=\"elementor-element elementor-element-49b4193 elementor-widget elementor-widget-text-editor\" data-id=\"49b4193\" data-element_type=\"widget\" data-e-type=\"widget\" data-widget_type=\"text-editor.default\">\n\t\t\t\t<div class=\"elementor-widget-container\">\n\t\t\t\t\t\t\t\t\t<p><span style=\"font-weight: 400;\">Our brand <\/span><b>Melany Brown London <\/b><span style=\"font-weight: 400;\">is the ultimate destination for handbags, shoes and accessories, your go-to for latest trends with accessible price tags.<\/span><\/p><p class=\"p1\">Nos designers s\u2019inspirent des podiums et des influences de la rue pour donner naissance \u00e0 une large gamme de sacs \u00e0 main, de chaussures et d&#8217;accessoires avec pour seuls mots d\u2019ordre : <strong>Bold<\/strong>, <strong>and<\/strong> edgy <strong>designs are our signature<\/strong>.<\/p>\t\t\t\t\t\t\t\t<\/div>\n\t\t\t\t<\/div>\n\t\t\t\t\t<\/div>\n\t\t<\/div>\n\t\t\t\t\t<\/div>\n\t\t<\/section>\n\t\t\t\t<section class=\"elementor-section elementor-top-section elementor-element elementor-element-98a35d0 elementor-section-boxed elementor-section-height-default elementor-section-height-default\" data-id=\"98a35d0\" data-element_type=\"section\" data-e-type=\"section\">\n\t\t\t\t\t\t<div class=\"elementor-container elementor-column-gap-default\">\n\t\t\t\t\t<div class=\"elementor-column elementor-col-50 elementor-top-column elementor-element elementor-element-40e0f05\" data-id=\"40e0f05\" data-element_type=\"column\" data-e-type=\"column\">\n\t\t\t<div class=\"elementor-widget-wrap elementor-element-populated\">\n\t\t\t\t\t\t<div class=\"elementor-element elementor-element-f05b9ad elementor-widget elementor-widget-heading\" data-id=\"f05b9ad\" data-element_type=\"widget\" data-e-type=\"widget\" data-widget_type=\"heading.default\">\n\t\t\t\t<div class=\"elementor-widget-container\">\n\t\t\t\t\t<h2 class=\"elementor-heading-title elementor-size-default\">VALUE FOR MONEY <\/h2>\t\t\t\t<\/div>\n\t\t\t\t<\/div>\n\t\t\t\t<div class=\"elementor-element elementor-element-074fef6 elementor-widget elementor-widget-text-editor\" data-id=\"074fef6\" data-element_type=\"widget\" data-e-type=\"widget\" data-widget_type=\"text-editor.default\">\n\t\t\t\t<div class=\"elementor-widget-container\">\n\t\t\t\t\t\t\t\t\t<p><span style=\"font-weight: 400;\">Nous visons \u00e0 faire de la qualit\u00e9 notre objectif principal pour maintenir un niveau constant d&#8217;excellence dans tout ce que nous faisons. Par cons\u00e9quent, nos collections sont fra\u00eeches, tendance et color\u00e9es et fabriqu\u00e9es dans des mat\u00e9riaux de premi\u00e8re qualit\u00e9 pour satisfaire les soifs d\u2019originalit\u00e9 et les envies de coquetterie de chacune.\u00a0<\/span><\/p><p><span style=\"font-weight: 400;\">We design in London but we are globally sourced to keep our costs low and therefore ensure that our prices stay accessible for our customers<\/span><\/p>\t\t\t\t\t\t\t\t<\/div>\n\t\t\t\t<\/div>\n\t\t\t\t\t<\/div>\n\t\t<\/div>\n\t\t\t\t<div class=\"elementor-column elementor-col-50 elementor-top-column elementor-element elementor-element-b448741\" data-id=\"b448741\" data-element_type=\"column\" data-e-type=\"column\">\n\t\t\t<div class=\"elementor-widget-wrap elementor-element-populated\">\n\t\t\t\t\t\t<div class=\"elementor-element elementor-element-db0121e elementor-widget elementor-widget-image\" data-id=\"db0121e\" data-element_type=\"widget\" data-e-type=\"widget\" data-widget_type=\"image.default\">\n\t\t\t\t<div class=\"elementor-widget-container\">\n\t\t\t\t\t\t\t\t\t\t\t\t\t\t\t<img decoding=\"async\" width=\"1024\" height=\"683\" src=\"https:\/\/melanybrown.com\/wp-content\/uploads\/2022\/04\/IMG_7981-Modifier-2-scaled-1024x683.jpg\" class=\"attachment-large size-large wp-image-43276\" alt=\"\" srcset=\"https:\/\/melanybrown.com\/wp-content\/uploads\/2022\/04\/IMG_7981-Modifier-2-scaled-1024x683.jpg 1024w, https:\/\/melanybrown.com\/wp-content\/uploads\/2022\/04\/IMG_7981-Modifier-2-scaled-300x200.jpg 300w, https:\/\/melanybrown.com\/wp-content\/uploads\/2022\/04\/IMG_7981-Modifier-2-scaled-768x512.jpg 768w, https:\/\/melanybrown.com\/wp-content\/uploads\/2022\/04\/IMG_7981-Modifier-2-scaled-600x400.jpg 600w, https:\/\/melanybrown.com\/wp-content\/uploads\/2022\/04\/IMG_7981-Modifier-2-scaled-1536x1024.jpg 1536w, https:\/\/melanybrown.com\/wp-content\/uploads\/2022\/04\/IMG_7981-Modifier-2-scaled-2048x1366.jpg 2048w, https:\/\/melanybrown.com\/wp-content\/uploads\/2022\/04\/IMG_7981-Modifier-2-scaled-18x12.jpg 18w\" sizes=\"(max-width: 1024px) 100vw, 1024px\" title=\"\">\t\t\t\t\t\t\t\t\t\t\t\t\t\t\t<\/div>\n\t\t\t\t<\/div>\n\t\t\t\t\t<\/div>\n\t\t<\/div>\n\t\t\t\t\t<\/div>\n\t\t<\/section>\n\t\t\t\t<section class=\"elementor-section elementor-top-section elementor-element elementor-element-0935342 elementor-section-full_width elementor-section-stretched elementor-section-height-default elementor-section-height-default\" data-id=\"0935342\" data-element_type=\"section\" data-e-type=\"section\" data-settings=\"{&quot;stretch_section&quot;:&quot;section-stretched&quot;,&quot;background_background&quot;:&quot;classic&quot;}\">\n\t\t\t\t\t\t<div class=\"elementor-container elementor-column-gap-default\">\n\t\t\t\t\t<div class=\"elementor-column elementor-col-100 elementor-top-column elementor-element elementor-element-7a56d17\" data-id=\"7a56d17\" data-element_type=\"column\" data-e-type=\"column\">\n\t\t\t<div class=\"elementor-widget-wrap elementor-element-populated\">\n\t\t\t\t\t\t<div class=\"elementor-element elementor-element-2607e67 elementor-widget elementor-widget-heading\" data-id=\"2607e67\" data-element_type=\"widget\" data-e-type=\"widget\" data-widget_type=\"heading.default\">\n\t\t\t\t<div class=\"elementor-widget-container\">\n\t\t\t\t\t<h2 class=\"elementor-heading-title elementor-size-default\">BAGS<br>\nSHOES<br>\nJEWELRY<br>\nWALLETS<br>\nWATCHES<br>\nSUNGLASSES<br>\nBELTS<br>\nSCARVES<br>\nHATS<\/h2>\t\t\t\t<\/div>\n\t\t\t\t<\/div>\n\t\t\t\t\t<\/div>\n\t\t<\/div>\n\t\t\t\t\t<\/div>\n\t\t<\/section>\n\t\t\t\t<section class=\"elementor-section elementor-top-section elementor-element elementor-element-88ba45f elementor-section-boxed elementor-section-height-default elementor-section-height-default\" data-id=\"88ba45f\" data-element_type=\"section\" data-e-type=\"section\">\n\t\t\t\t\t\t<div class=\"elementor-container elementor-column-gap-default\">\n\t\t\t\t\t<div class=\"elementor-column elementor-col-50 elementor-top-column elementor-element elementor-element-30a11fe\" data-id=\"30a11fe\" data-element_type=\"column\" data-e-type=\"column\">\n\t\t\t<div class=\"elementor-widget-wrap elementor-element-populated\">\n\t\t\t\t\t\t<div class=\"elementor-element elementor-element-6ca5f6d elementor-widget elementor-widget-image\" data-id=\"6ca5f6d\" data-element_type=\"widget\" data-e-type=\"widget\" data-widget_type=\"image.default\">\n\t\t\t\t<div class=\"elementor-widget-container\">\n\t\t\t\t\t\t\t\t\t\t\t\t\t\t\t<img decoding=\"async\" width=\"1024\" height=\"768\" src=\"https:\/\/melanybrown.com\/wp-content\/uploads\/2022\/04\/MAG_ANFAPLACE-scaled-1024x768.jpg\" class=\"attachment-large size-large wp-image-43275\" alt=\"\" srcset=\"https:\/\/melanybrown.com\/wp-content\/uploads\/2022\/04\/MAG_ANFAPLACE-scaled-1024x768.jpg 1024w, https:\/\/melanybrown.com\/wp-content\/uploads\/2022\/04\/MAG_ANFAPLACE-scaled-300x225.jpg 300w, https:\/\/melanybrown.com\/wp-content\/uploads\/2022\/04\/MAG_ANFAPLACE-scaled-768x576.jpg 768w, https:\/\/melanybrown.com\/wp-content\/uploads\/2022\/04\/MAG_ANFAPLACE-scaled-600x450.jpg 600w, https:\/\/melanybrown.com\/wp-content\/uploads\/2022\/04\/MAG_ANFAPLACE-scaled-1536x1152.jpg 1536w, https:\/\/melanybrown.com\/wp-content\/uploads\/2022\/04\/MAG_ANFAPLACE-scaled-2048x1536.jpg 2048w, https:\/\/melanybrown.com\/wp-content\/uploads\/2022\/04\/MAG_ANFAPLACE-scaled-16x12.jpg 16w\" sizes=\"(max-width: 1024px) 100vw, 1024px\" title=\"\">\t\t\t\t\t\t\t\t\t\t\t\t\t\t\t<\/div>\n\t\t\t\t<\/div>\n\t\t\t\t\t<\/div>\n\t\t<\/div>\n\t\t\t\t<div class=\"elementor-column elementor-col-50 elementor-top-column elementor-element elementor-element-5230a45\" data-id=\"5230a45\" data-element_type=\"column\" data-e-type=\"column\">\n\t\t\t<div class=\"elementor-widget-wrap elementor-element-populated\">\n\t\t\t\t\t\t<div class=\"elementor-element elementor-element-f563c05 elementor-widget elementor-widget-heading\" data-id=\"f563c05\" data-element_type=\"widget\" data-e-type=\"widget\" data-widget_type=\"heading.default\">\n\t\t\t\t<div class=\"elementor-widget-container\">\n\t\t\t\t\t<h2 class=\"elementor-heading-title elementor-size-default\">OUR STORES<\/h2>\t\t\t\t<\/div>\n\t\t\t\t<\/div>\n\t\t\t\t<div class=\"elementor-element elementor-element-37ba112 elementor-widget elementor-widget-text-editor\" data-id=\"37ba112\" data-element_type=\"widget\" data-e-type=\"widget\" data-widget_type=\"text-editor.default\">\n\t\t\t\t<div class=\"elementor-widget-container\">\n\t\t\t\t\t\t\t\t\t<p><span style=\"font-weight: 400;\">Designed to offer the best customer experience with a young and innovative concept, our stores are the image of our brand and reflect a warm atmosphere with a mix of materials such as wood and white brick for a modern touch, and greenery for the fresh touch.<\/span><\/p><p><span style=\"font-weight: 400;\">We have a \u201cmulti-channel\u201d distribution strategy with our own stores and multi-brand distributors to accelerate our growth and our presence in several countries.<\/span><\/p>\t\t\t\t\t\t\t\t<\/div>\n\t\t\t\t<\/div>\n\t\t\t\t\t<\/div>\n\t\t<\/div>\n\t\t\t\t\t<\/div>\n\t\t<\/section>\n\t\t\t\t<section class=\"elementor-section elementor-top-section elementor-element elementor-element-9607d36 elementor-section-boxed elementor-section-height-default elementor-section-height-default\" data-id=\"9607d36\" data-element_type=\"section\" data-e-type=\"section\">\n\t\t\t\t\t\t<div class=\"elementor-container elementor-column-gap-custom\">\n\t\t\t\t\t<div class=\"elementor-column elementor-col-33 elementor-top-column elementor-element elementor-element-3520853\" data-id=\"3520853\" data-element_type=\"column\" data-e-type=\"column\">\n\t\t\t<div class=\"elementor-widget-wrap elementor-element-populated\">\n\t\t\t\t\t\t<div class=\"elementor-element elementor-element-735b3bd elementor-widget elementor-widget-image\" data-id=\"735b3bd\" data-element_type=\"widget\" data-e-type=\"widget\" data-widget_type=\"image.default\">\n\t\t\t\t<div class=\"elementor-widget-container\">\n\t\t\t\t\t\t\t\t\t\t\t\t\t\t\t<img loading=\"lazy\" decoding=\"async\" width=\"1024\" height=\"768\" src=\"https:\/\/melanybrown.com\/wp-content\/uploads\/2022\/04\/MAG_MARJANE-scaled-1024x768.jpg\" class=\"attachment-large size-large wp-image-43272\" alt=\"\" srcset=\"https:\/\/melanybrown.com\/wp-content\/uploads\/2022\/04\/MAG_MARJANE-scaled-1024x768.jpg 1024w, https:\/\/melanybrown.com\/wp-content\/uploads\/2022\/04\/MAG_MARJANE-scaled-300x225.jpg 300w, https:\/\/melanybrown.com\/wp-content\/uploads\/2022\/04\/MAG_MARJANE-scaled-768x576.jpg 768w, https:\/\/melanybrown.com\/wp-content\/uploads\/2022\/04\/MAG_MARJANE-scaled-600x450.jpg 600w, https:\/\/melanybrown.com\/wp-content\/uploads\/2022\/04\/MAG_MARJANE-scaled-1536x1152.jpg 1536w, https:\/\/melanybrown.com\/wp-content\/uploads\/2022\/04\/MAG_MARJANE-scaled-2048x1536.jpg 2048w, https:\/\/melanybrown.com\/wp-content\/uploads\/2022\/04\/MAG_MARJANE-scaled-16x12.jpg 16w\" sizes=\"(max-width: 1024px) 100vw, 1024px\" title=\"\">\t\t\t\t\t\t\t\t\t\t\t\t\t\t\t<\/div>\n\t\t\t\t<\/div>\n\t\t\t\t\t<\/div>\n\t\t<\/div>\n\t\t\t\t<div class=\"elementor-column elementor-col-33 elementor-top-column elementor-element elementor-element-426797c\" data-id=\"426797c\" data-element_type=\"column\" data-e-type=\"column\">\n\t\t\t<div class=\"elementor-widget-wrap elementor-element-populated\">\n\t\t\t\t\t\t<div class=\"elementor-element elementor-element-74c0dd5 elementor-widget elementor-widget-image\" data-id=\"74c0dd5\" data-element_type=\"widget\" data-e-type=\"widget\" data-widget_type=\"image.default\">\n\t\t\t\t<div class=\"elementor-widget-container\">\n\t\t\t\t\t\t\t\t\t\t\t\t\t\t\t<img loading=\"lazy\" decoding=\"async\" width=\"1024\" height=\"768\" src=\"https:\/\/melanybrown.com\/wp-content\/uploads\/2022\/04\/MAG_MALL2-scaled-1024x768.jpg\" class=\"attachment-large size-large wp-image-43273\" alt=\"\" srcset=\"https:\/\/melanybrown.com\/wp-content\/uploads\/2022\/04\/MAG_MALL2-scaled-1024x768.jpg 1024w, https:\/\/melanybrown.com\/wp-content\/uploads\/2022\/04\/MAG_MALL2-scaled-300x225.jpg 300w, https:\/\/melanybrown.com\/wp-content\/uploads\/2022\/04\/MAG_MALL2-scaled-768x576.jpg 768w, https:\/\/melanybrown.com\/wp-content\/uploads\/2022\/04\/MAG_MALL2-scaled-600x450.jpg 600w, https:\/\/melanybrown.com\/wp-content\/uploads\/2022\/04\/MAG_MALL2-scaled-1536x1152.jpg 1536w, https:\/\/melanybrown.com\/wp-content\/uploads\/2022\/04\/MAG_MALL2-scaled-2048x1536.jpg 2048w, https:\/\/melanybrown.com\/wp-content\/uploads\/2022\/04\/MAG_MALL2-scaled-16x12.jpg 16w\" sizes=\"(max-width: 1024px) 100vw, 1024px\" title=\"\">\t\t\t\t\t\t\t\t\t\t\t\t\t\t\t<\/div>\n\t\t\t\t<\/div>\n\t\t\t\t\t<\/div>\n\t\t<\/div>\n\t\t\t\t<div class=\"elementor-column elementor-col-33 elementor-top-column elementor-element elementor-element-9a26910\" data-id=\"9a26910\" data-element_type=\"column\" data-e-type=\"column\">\n\t\t\t<div class=\"elementor-widget-wrap elementor-element-populated\">\n\t\t\t\t\t\t<div class=\"elementor-element elementor-element-1c7fa8b elementor-widget elementor-widget-image\" data-id=\"1c7fa8b\" data-element_type=\"widget\" data-e-type=\"widget\" data-widget_type=\"image.default\">\n\t\t\t\t<div class=\"elementor-widget-container\">\n\t\t\t\t\t\t\t\t\t\t\t\t\t\t\t<img loading=\"lazy\" decoding=\"async\" width=\"1024\" height=\"768\" src=\"https:\/\/melanybrown.com\/wp-content\/uploads\/2022\/04\/MAG_MALL1-scaled-1024x768.jpg\" class=\"attachment-large size-large wp-image-43274\" alt=\"\" srcset=\"https:\/\/melanybrown.com\/wp-content\/uploads\/2022\/04\/MAG_MALL1-scaled-1024x768.jpg 1024w, https:\/\/melanybrown.com\/wp-content\/uploads\/2022\/04\/MAG_MALL1-scaled-300x225.jpg 300w, https:\/\/melanybrown.com\/wp-content\/uploads\/2022\/04\/MAG_MALL1-scaled-768x576.jpg 768w, https:\/\/melanybrown.com\/wp-content\/uploads\/2022\/04\/MAG_MALL1-scaled-600x450.jpg 600w, https:\/\/melanybrown.com\/wp-content\/uploads\/2022\/04\/MAG_MALL1-scaled-1536x1152.jpg 1536w, https:\/\/melanybrown.com\/wp-content\/uploads\/2022\/04\/MAG_MALL1-scaled-2048x1536.jpg 2048w, https:\/\/melanybrown.com\/wp-content\/uploads\/2022\/04\/MAG_MALL1-scaled-16x12.jpg 16w\" sizes=\"(max-width: 1024px) 100vw, 1024px\" title=\"\">\t\t\t\t\t\t\t\t\t\t\t\t\t\t\t<\/div>\n\t\t\t\t<\/div>\n\t\t\t\t\t<\/div>\n\t\t<\/div>\n\t\t\t\t\t<\/div>\n\t\t<\/section>\n\t\t\t\t<section class=\"elementor-section elementor-top-section elementor-element elementor-element-4d0814b6 elementor-section-stretched elementor-section-boxed elementor-section-height-default elementor-section-height-default\" data-id=\"4d0814b6\" data-element_type=\"section\" data-e-type=\"section\" data-settings=\"{&quot;background_background&quot;:&quot;classic&quot;,&quot;stretch_section&quot;:&quot;section-stretched&quot;}\">\n\t\t\t\t\t\t<div class=\"elementor-container elementor-column-gap-default\">\n\t\t\t\t\t<div class=\"elementor-column elementor-col-100 elementor-top-column elementor-element elementor-element-1d885218\" data-id=\"1d885218\" data-element_type=\"column\" data-e-type=\"column\">\n\t\t\t<div class=\"elementor-widget-wrap elementor-element-populated\">\n\t\t\t\t\t\t<div class=\"elementor-element elementor-element-36da2788 elementor-widget elementor-widget-heading\" data-id=\"36da2788\" data-element_type=\"widget\" data-e-type=\"widget\" data-widget_type=\"heading.default\">\n\t\t\t\t<div class=\"elementor-widget-container\">\n\t\t\t\t\t<h4 class=\"elementor-heading-title elementor-size-default\">Use #melanybrown to share your pics<br>\non Instagram<\/h4>\t\t\t\t<\/div>\n\t\t\t\t<\/div>\n\t\t\t\t<div class=\"elementor-element elementor-element-b4af2fe elementor-widget elementor-widget-image-carousel\" data-id=\"b4af2fe\" data-element_type=\"widget\" data-e-type=\"widget\" data-settings=\"{&quot;slides_to_show&quot;:&quot;4&quot;,&quot;slides_to_scroll&quot;:&quot;1&quot;,&quot;navigation&quot;:&quot;none&quot;,&quot;autoplay&quot;:&quot;yes&quot;,&quot;pause_on_hover&quot;:&quot;yes&quot;,&quot;pause_on_interaction&quot;:&quot;yes&quot;,&quot;autoplay_speed&quot;:5000,&quot;infinite&quot;:&quot;yes&quot;,&quot;speed&quot;:500}\" data-widget_type=\"image-carousel.default\">\n\t\t\t\t<div class=\"elementor-widget-container\">\n\t\t\t\t\t\t\t<div class=\"elementor-image-carousel-wrapper swiper\" role=\"region\" aria-roledescription=\"carousel\" aria-label=\"Image Carousel\" dir=\"ltr\">\n\t\t\t<div class=\"elementor-image-carousel swiper-wrapper swiper-image-stretch\" aria-live=\"off\">\n\t\t\t\t\t\t\t\t<div class=\"swiper-slide\" role=\"group\" aria-roledescription=\"slide\" aria-label=\"1 of 4\" data-no-translation-aria-label=\"\"><figure class=\"swiper-slide-inner\"><img decoding=\"async\" class=\"swiper-slide-image\" src=\"https:\/\/melanybrown.com\/wp-content\/uploads\/2022\/04\/MNQ_CARRE4-1024x1024.jpg\" alt=\"MNQ_CARRE4\" title=\"\"><\/figure><\/div><div class=\"swiper-slide\" role=\"group\" aria-roledescription=\"slide\" aria-label=\"2 of 4\" data-no-translation-aria-label=\"\"><figure class=\"swiper-slide-inner\"><img decoding=\"async\" class=\"swiper-slide-image\" src=\"https:\/\/melanybrown.com\/wp-content\/uploads\/2022\/04\/MNQ_CARRE3-1024x1024.jpg\" alt=\"MNQ_CARRE3\" title=\"\"><\/figure><\/div><div class=\"swiper-slide\" role=\"group\" aria-roledescription=\"slide\" aria-label=\"3 of 4\" data-no-translation-aria-label=\"\"><figure class=\"swiper-slide-inner\"><img decoding=\"async\" class=\"swiper-slide-image\" src=\"https:\/\/melanybrown.com\/wp-content\/uploads\/2022\/04\/MNQ_CARRE2-1024x1024.jpg\" alt=\"MNQ_CARRE2\" title=\"\"><\/figure><\/div><div class=\"swiper-slide\" role=\"group\" aria-roledescription=\"slide\" aria-label=\"4 of 4\" data-no-translation-aria-label=\"\"><figure class=\"swiper-slide-inner\"><img decoding=\"async\" class=\"swiper-slide-image\" src=\"https:\/\/melanybrown.com\/wp-content\/uploads\/2022\/04\/MNQ_CARRE1-1024x1024.jpg\" alt=\"MNQ_CARRE1\" title=\"\"><\/figure><\/div>\t\t\t<\/div>\n\t\t\t\t\t\t\t\n\t\t\t\t\t\t\t\t\t<\/div>\n\t\t\t\t\t\t<\/div>\n\t\t\t\t<\/div>\n\t\t\t\t<div class=\"elementor-element elementor-element-d971b2d elementor-widget elementor-widget-text-editor\" data-id=\"d971b2d\" data-element_type=\"widget\" data-e-type=\"widget\" data-widget_type=\"text-editor.default\">\n\t\t\t\t<div class=\"elementor-widget-container\">\n\t\t\t\t\t\t\t\t\t<p style=\"text-align: center; margin-bottom: 0;\"><span style=\"text-decoration: underline;\"><a style=\"color: inherit; text-decoration: underline;\" href=\"https:\/\/www.instagram.com\/melanybrownmaroc\/\" target=\"_blank\" rel=\"noopener\">Follow us on Instagram<\/a><\/span><\/p>\t\t\t\t\t\t\t\t<\/div>\n\t\t\t\t<\/div>\n\t\t\t\t\t<\/div>\n\t\t<\/div>\n\t\t\t\t\t<\/div>\n\t\t<\/section>\n\t\t\t\t<\/div>","protected":false},"excerpt":{"rendered":"<p>LA MARQUE Notre marque Melany Brown London est LA destination ultime pour les sacs \u00e0 main, les chaussures et les accessoires, et votre r\u00e9f\u00e9rence pour les derni\u00e8res tendances mode \u00e0 des prix tr\u00e8s accessibles. Nos designers s\u2019inspirent des podiums et des influences de la rue pour donner naissance \u00e0 une large gamme de sacs \u00e0 [&hellip;]<\/p>\n","protected":false},"author":1,"featured_media":0,"parent":0,"menu_order":0,"comment_status":"closed","ping_status":"open","template":"","meta":{"footnotes":""},"class_list":["post-357","page","type-page","status-publish","hentry"],"_links":{"self":[{"href":"https:\/\/melanybrown.com\/en\/wp-json\/wp\/v2\/pages\/357","targetHints":{"allow":["GET"]}}],"collection":[{"href":"https:\/\/melanybrown.com\/en\/wp-json\/wp\/v2\/pages"}],"about":[{"href":"https:\/\/melanybrown.com\/en\/wp-json\/wp\/v2\/types\/page"}],"author":[{"embeddable":true,"href":"https:\/\/melanybrown.com\/en\/wp-json\/wp\/v2\/users\/1"}],"replies":[{"embeddable":true,"href":"https:\/\/melanybrown.com\/en\/wp-json\/wp\/v2\/comments?post=357"}],"version-history":[{"count":5,"href":"https:\/\/melanybrown.com\/en\/wp-json\/wp\/v2\/pages\/357\/revisions"}],"predecessor-version":[{"id":44144,"href":"https:\/\/melanybrown.com\/en\/wp-json\/wp\/v2\/pages\/357\/revisions\/44144"}],"wp:attachment":[{"href":"https:\/\/melanybrown.com\/en\/wp-json\/wp\/v2\/media?parent=357"}],"curies":[{"name":"wp","href":"https:\/\/api.w.org\/{rel}","templated":true}]}}