{"id":41299,"date":"2025-03-24T21:37:39","date_gmt":"2025-03-24T21:37:39","guid":{"rendered":"https:\/\/melanybrown.com\/product\/sac-a-main-mystic-bleu\/"},"modified":"2026-05-14T15:20:53","modified_gmt":"2026-05-14T15:20:53","slug":"sac-a-main-mystic-bleu","status":"publish","type":"product","link":"https:\/\/melanybrown.com\/en\/sac-a-main-mystic-bleu\/","title":{"rendered":"Handbag MYSTIC Blue"},"content":{"rendered":"","protected":false},"excerpt":{"rendered":"<p>Un style rock and roll pour ce tr\u00e8s joli sac seau habill\u00e9 de deux grosses chaines sur les cot\u00e9s qui lui donne un look original tr\u00e8s recherch\u00e9. Fabriqu\u00e9 dans un simili cuir lisse qui ravira les plus exigeantes, ce format moyen port\u00e9 \u00e9paule qui, se referme via un fermoir \u00e0 aimant, a tout pour nous faire craquer! Dimensions 29x38x12 CM<\/p>","protected":false},"featured_media":78394,"comment_status":"open","ping_status":"closed","template":"","meta":[],"product_brand":[],"product_cat":[357,384],"product_tag":[],"class_list":{"0":"post-41299","1":"product","2":"type-product","3":"status-publish","4":"has-post-thumbnail","6":"product_cat-sacs","7":"product_cat-sacs-a-main","9":"first","10":"instock","11":"sale","12":"taxable","13":"shipping-taxable","14":"purchasable","15":"product-type-simple"},"_links":{"self":[{"href":"https:\/\/melanybrown.com\/en\/wp-json\/wp\/v2\/product\/41299","targetHints":{"allow":["GET"]}}],"collection":[{"href":"https:\/\/melanybrown.com\/en\/wp-json\/wp\/v2\/product"}],"about":[{"href":"https:\/\/melanybrown.com\/en\/wp-json\/wp\/v2\/types\/product"}],"replies":[{"embeddable":true,"href":"https:\/\/melanybrown.com\/en\/wp-json\/wp\/v2\/comments?post=41299"}],"wp:featuredmedia":[{"embeddable":true,"href":"https:\/\/melanybrown.com\/en\/wp-json\/wp\/v2\/media\/78394"}],"wp:attachment":[{"href":"https:\/\/melanybrown.com\/en\/wp-json\/wp\/v2\/media?parent=41299"}],"wp:term":[{"taxonomy":"product_brand","embeddable":true,"href":"https:\/\/melanybrown.com\/en\/wp-json\/wp\/v2\/product_brand?post=41299"},{"taxonomy":"product_cat","embeddable":true,"href":"https:\/\/melanybrown.com\/en\/wp-json\/wp\/v2\/product_cat?post=41299"},{"taxonomy":"product_tag","embeddable":true,"href":"https:\/\/melanybrown.com\/en\/wp-json\/wp\/v2\/product_tag?post=41299"}],"curies":[{"name":"wp","href":"https:\/\/api.w.org\/{rel}","templated":true}]}}