{"id":41913,"date":"2025-03-24T21:46:04","date_gmt":"2025-03-24T21:46:04","guid":{"rendered":"https:\/\/melanybrown.com\/product\/chaussures-arna-noir\/"},"modified":"2025-12-25T17:22:42","modified_gmt":"2025-12-25T17:22:42","slug":"chaussures-arna-noir","status":"publish","type":"product","link":"https:\/\/melanybrown.com\/en\/chaussures-arna-noir\/","title":{"rendered":"ARNA Shoes Black"},"content":{"rendered":"","protected":false},"excerpt":{"rendered":"<p>On est dingue de cette paire de sneakers bimati\u00e8re: nubuck et toile qui repr\u00e9sente un parfait m\u00e9lange entre chic et urbain street wear. Dot\u00e9e de semelle en caoutchouc \u00e9paisses, elles sont tr\u00e8s confortables et seront un must-have cette saison.<\/p>","protected":false},"featured_media":64327,"comment_status":"open","ping_status":"open","template":"","meta":[],"product_brand":[],"product_cat":[413,405],"product_tag":[],"class_list":{"0":"post-41913","1":"product","2":"type-product","3":"status-publish","4":"has-post-thumbnail","6":"product_cat-baskets","7":"product_cat-chaussures","9":"first","10":"instock","11":"sale","12":"taxable","13":"shipping-taxable","14":"purchasable","15":"product-type-variable","16":"has-default-attributes"},"_links":{"self":[{"href":"https:\/\/melanybrown.com\/en\/wp-json\/wp\/v2\/product\/41913","targetHints":{"allow":["GET"]}}],"collection":[{"href":"https:\/\/melanybrown.com\/en\/wp-json\/wp\/v2\/product"}],"about":[{"href":"https:\/\/melanybrown.com\/en\/wp-json\/wp\/v2\/types\/product"}],"replies":[{"embeddable":true,"href":"https:\/\/melanybrown.com\/en\/wp-json\/wp\/v2\/comments?post=41913"}],"wp:featuredmedia":[{"embeddable":true,"href":"https:\/\/melanybrown.com\/en\/wp-json\/wp\/v2\/media\/64327"}],"wp:attachment":[{"href":"https:\/\/melanybrown.com\/en\/wp-json\/wp\/v2\/media?parent=41913"}],"wp:term":[{"taxonomy":"product_brand","embeddable":true,"href":"https:\/\/melanybrown.com\/en\/wp-json\/wp\/v2\/product_brand?post=41913"},{"taxonomy":"product_cat","embeddable":true,"href":"https:\/\/melanybrown.com\/en\/wp-json\/wp\/v2\/product_cat?post=41913"},{"taxonomy":"product_tag","embeddable":true,"href":"https:\/\/melanybrown.com\/en\/wp-json\/wp\/v2\/product_tag?post=41913"}],"curies":[{"name":"wp","href":"https:\/\/api.w.org\/{rel}","templated":true}]}}