{"id":41923,"date":"2025-03-24T21:46:34","date_gmt":"2025-03-24T21:46:34","guid":{"rendered":"https:\/\/melanybrown.com\/product\/sandales-aphrodite-argent\/"},"modified":"2026-01-04T14:06:07","modified_gmt":"2026-01-04T14:06:07","slug":"sandales-aphrodite-argent","status":"publish","type":"product","link":"https:\/\/melanybrown.com\/en\/sandales-aphrodite-argent\/","title":{"rendered":"APHRODITE Sandals  Silver"},"content":{"rendered":"","protected":false},"excerpt":{"rendered":"<p>On est fan de ces sandales plateformes \u00e0 talons carr\u00e9s de 12cm tr\u00e8s confortables habill\u00e9es de lumi\u00e8re et dot\u00e9es d&#8217;une 2 bandes crois\u00e9es \u00e0 l&#8217;avant du pied pour un maintien parfait. A porter de jour comme de nuit pour \u00eatre \u00e0 l&#8217;aise! Un vrai coup de coeur!<\/p>","protected":false},"featured_media":76955,"comment_status":"open","ping_status":"open","template":"","meta":[],"product_brand":[],"product_cat":[405,406],"product_tag":[],"class_list":{"0":"post-41923","1":"product","2":"type-product","3":"status-publish","4":"has-post-thumbnail","6":"product_cat-chaussures","7":"product_cat-chaussures-a-talons","9":"first","10":"instock","11":"taxable","12":"shipping-taxable","13":"purchasable","14":"product-type-variable","15":"has-default-attributes"},"_links":{"self":[{"href":"https:\/\/melanybrown.com\/en\/wp-json\/wp\/v2\/product\/41923","targetHints":{"allow":["GET"]}}],"collection":[{"href":"https:\/\/melanybrown.com\/en\/wp-json\/wp\/v2\/product"}],"about":[{"href":"https:\/\/melanybrown.com\/en\/wp-json\/wp\/v2\/types\/product"}],"replies":[{"embeddable":true,"href":"https:\/\/melanybrown.com\/en\/wp-json\/wp\/v2\/comments?post=41923"}],"wp:featuredmedia":[{"embeddable":true,"href":"https:\/\/melanybrown.com\/en\/wp-json\/wp\/v2\/media\/76955"}],"wp:attachment":[{"href":"https:\/\/melanybrown.com\/en\/wp-json\/wp\/v2\/media?parent=41923"}],"wp:term":[{"taxonomy":"product_brand","embeddable":true,"href":"https:\/\/melanybrown.com\/en\/wp-json\/wp\/v2\/product_brand?post=41923"},{"taxonomy":"product_cat","embeddable":true,"href":"https:\/\/melanybrown.com\/en\/wp-json\/wp\/v2\/product_cat?post=41923"},{"taxonomy":"product_tag","embeddable":true,"href":"https:\/\/melanybrown.com\/en\/wp-json\/wp\/v2\/product_tag?post=41923"}],"curies":[{"name":"wp","href":"https:\/\/api.w.org\/{rel}","templated":true}]}}