{"id":42323,"date":"2025-03-24T22:20:32","date_gmt":"2025-03-24T22:20:32","guid":{"rendered":"https:\/\/melanybrown.com\/product\/bottes-cameron-noir\/"},"modified":"2026-02-11T12:54:27","modified_gmt":"2026-02-11T12:54:27","slug":"bottes-cameron-noir","status":"publish","type":"product","link":"https:\/\/melanybrown.com\/en\/bottes-cameron-noir\/","title":{"rendered":"CAMERON Boots Black"},"content":{"rendered":"","protected":false},"excerpt":{"rendered":"<p>Des bottines, styl\u00e9es et ultra-confortables gr\u00e2ce \u00e0 des talons carr\u00e9s et une semelle compens\u00e9e qu&#8217;on appelle plateau qui assurent de la hauteur sans beaucoup fl\u00e9chir le pied. Elles se ferment gr\u00e2ce \u00e0 un zip sur le cot\u00e9 et sont orn\u00e9es d&#8217;une petite boucle m\u00e9tallique sur le cot\u00e9.<\/p>","protected":false},"featured_media":77150,"comment_status":"open","ping_status":"open","template":"","meta":[],"product_brand":[],"product_cat":[429,405],"product_tag":[],"class_list":{"0":"post-42323","1":"product","2":"type-product","3":"status-publish","4":"has-post-thumbnail","6":"product_cat-bottes","7":"product_cat-chaussures","9":"first","10":"instock","11":"sale","12":"taxable","13":"shipping-taxable","14":"purchasable","15":"product-type-variable","16":"has-default-attributes"},"_links":{"self":[{"href":"https:\/\/melanybrown.com\/en\/wp-json\/wp\/v2\/product\/42323","targetHints":{"allow":["GET"]}}],"collection":[{"href":"https:\/\/melanybrown.com\/en\/wp-json\/wp\/v2\/product"}],"about":[{"href":"https:\/\/melanybrown.com\/en\/wp-json\/wp\/v2\/types\/product"}],"replies":[{"embeddable":true,"href":"https:\/\/melanybrown.com\/en\/wp-json\/wp\/v2\/comments?post=42323"}],"wp:featuredmedia":[{"embeddable":true,"href":"https:\/\/melanybrown.com\/en\/wp-json\/wp\/v2\/media\/77150"}],"wp:attachment":[{"href":"https:\/\/melanybrown.com\/en\/wp-json\/wp\/v2\/media?parent=42323"}],"wp:term":[{"taxonomy":"product_brand","embeddable":true,"href":"https:\/\/melanybrown.com\/en\/wp-json\/wp\/v2\/product_brand?post=42323"},{"taxonomy":"product_cat","embeddable":true,"href":"https:\/\/melanybrown.com\/en\/wp-json\/wp\/v2\/product_cat?post=42323"},{"taxonomy":"product_tag","embeddable":true,"href":"https:\/\/melanybrown.com\/en\/wp-json\/wp\/v2\/product_tag?post=42323"}],"curies":[{"name":"wp","href":"https:\/\/api.w.org\/{rel}","templated":true}]}}