{"id":42336,"date":"2025-03-24T22:20:49","date_gmt":"2025-03-24T22:20:49","guid":{"rendered":"https:\/\/melanybrown.com\/product\/bottes-rowan-noir\/"},"modified":"2026-01-30T12:33:39","modified_gmt":"2026-01-30T12:33:39","slug":"bottes-rowan-noir","status":"publish","type":"product","link":"https:\/\/melanybrown.com\/en\/bottes-rowan-noir\/","title":{"rendered":"ROWAN Boots Black"},"content":{"rendered":"","protected":false},"excerpt":{"rendered":"<p>On adore la simplicit\u00e9 de ces bottines dot\u00e9es de bandes \u00e9lastiques sur les cot\u00e9s pour un enfilage facile et un style unique. On aime la bande amovible orn\u00e9e d&#8217;une pi\u00e8ce m\u00e9tallique sur le cot\u00e9 pour la touche styl\u00e9e. Elles sont dot\u00e9es de grosses semelles plates confortables et seront un bon compagnon d&#8217;hiver.<\/p>","protected":false},"featured_media":77124,"comment_status":"open","ping_status":"open","template":"","meta":[],"product_brand":[],"product_cat":[429,405],"product_tag":[],"class_list":{"0":"post-42336","1":"product","2":"type-product","3":"status-publish","4":"has-post-thumbnail","6":"product_cat-bottes","7":"product_cat-chaussures","9":"first","10":"instock","11":"sale","12":"taxable","13":"shipping-taxable","14":"purchasable","15":"product-type-variable"},"_links":{"self":[{"href":"https:\/\/melanybrown.com\/en\/wp-json\/wp\/v2\/product\/42336","targetHints":{"allow":["GET"]}}],"collection":[{"href":"https:\/\/melanybrown.com\/en\/wp-json\/wp\/v2\/product"}],"about":[{"href":"https:\/\/melanybrown.com\/en\/wp-json\/wp\/v2\/types\/product"}],"replies":[{"embeddable":true,"href":"https:\/\/melanybrown.com\/en\/wp-json\/wp\/v2\/comments?post=42336"}],"wp:featuredmedia":[{"embeddable":true,"href":"https:\/\/melanybrown.com\/en\/wp-json\/wp\/v2\/media\/77124"}],"wp:attachment":[{"href":"https:\/\/melanybrown.com\/en\/wp-json\/wp\/v2\/media?parent=42336"}],"wp:term":[{"taxonomy":"product_brand","embeddable":true,"href":"https:\/\/melanybrown.com\/en\/wp-json\/wp\/v2\/product_brand?post=42336"},{"taxonomy":"product_cat","embeddable":true,"href":"https:\/\/melanybrown.com\/en\/wp-json\/wp\/v2\/product_cat?post=42336"},{"taxonomy":"product_tag","embeddable":true,"href":"https:\/\/melanybrown.com\/en\/wp-json\/wp\/v2\/product_tag?post=42336"}],"curies":[{"name":"wp","href":"https:\/\/api.w.org\/{rel}","templated":true}]}}