{"id":43049,"date":"2025-03-24T22:07:58","date_gmt":"2025-03-24T22:07:58","guid":{"rendered":"https:\/\/melanybrown.com\/product\/sandales-audrey-noir\/"},"modified":"2026-05-04T17:37:49","modified_gmt":"2026-05-04T17:37:49","slug":"sandales-audrey-noir","status":"publish","type":"product","link":"https:\/\/melanybrown.com\/en\/sandales-audrey-noir\/","title":{"rendered":"Sandales AUDREY Noir"},"content":{"rendered":"","protected":false},"excerpt":{"rendered":"<p>On adore ces sandales plates ultra-confortables et agr\u00e9ment\u00e9es de larges bandes crois\u00e9es sur le devant qui sauront habiller vos tenues et attirer tous les regards!<\/p>","protected":false},"featured_media":78258,"comment_status":"open","ping_status":"closed","template":"","meta":[],"product_brand":[],"product_cat":[405,421],"product_tag":[],"class_list":{"0":"post-43049","1":"product","2":"type-product","3":"status-publish","4":"has-post-thumbnail","6":"product_cat-chaussures","7":"product_cat-chaussures-plates","9":"first","10":"instock","11":"taxable","12":"shipping-taxable","13":"purchasable","14":"product-type-variable","15":"has-default-attributes"},"_links":{"self":[{"href":"https:\/\/melanybrown.com\/en\/wp-json\/wp\/v2\/product\/43049","targetHints":{"allow":["GET"]}}],"collection":[{"href":"https:\/\/melanybrown.com\/en\/wp-json\/wp\/v2\/product"}],"about":[{"href":"https:\/\/melanybrown.com\/en\/wp-json\/wp\/v2\/types\/product"}],"replies":[{"embeddable":true,"href":"https:\/\/melanybrown.com\/en\/wp-json\/wp\/v2\/comments?post=43049"}],"wp:featuredmedia":[{"embeddable":true,"href":"https:\/\/melanybrown.com\/en\/wp-json\/wp\/v2\/media\/78258"}],"wp:attachment":[{"href":"https:\/\/melanybrown.com\/en\/wp-json\/wp\/v2\/media?parent=43049"}],"wp:term":[{"taxonomy":"product_brand","embeddable":true,"href":"https:\/\/melanybrown.com\/en\/wp-json\/wp\/v2\/product_brand?post=43049"},{"taxonomy":"product_cat","embeddable":true,"href":"https:\/\/melanybrown.com\/en\/wp-json\/wp\/v2\/product_cat?post=43049"},{"taxonomy":"product_tag","embeddable":true,"href":"https:\/\/melanybrown.com\/en\/wp-json\/wp\/v2\/product_tag?post=43049"}],"curies":[{"name":"wp","href":"https:\/\/api.w.org\/{rel}","templated":true}]}}