{"id":43125,"date":"2023-10-28T16:55:31","date_gmt":"2023-10-28T16:55:31","guid":{"rendered":"https:\/\/melanybrown.com\/product\/sac-a-main-scarlet-blanc\/"},"modified":"2023-10-28T17:33:10","modified_gmt":"2023-10-28T17:33:10","slug":"sac-a-main-scarlet-blanc","status":"publish","type":"product","link":"https:\/\/melanybrown.com\/en\/sac-a-main-scarlet-blanc\/","title":{"rendered":"Sac \u00e0 main SCARLET Blanc"},"content":{"rendered":"","protected":false},"excerpt":{"rendered":"<p>On craque pour cet accessoire superstar qui va toutes nous faire saliver d&#8217;envie avec sa bandouli\u00e8re color\u00e9e, son mini format \u00e9l\u00e9gant et sa fermeture dor\u00e9e sur le devant.<\/p>","protected":false},"featured_media":43126,"comment_status":"open","ping_status":"open","template":"","meta":[],"product_brand":[],"product_cat":[357,384],"product_tag":[],"class_list":{"0":"post-43125","1":"product","2":"type-product","3":"status-publish","4":"has-post-thumbnail","6":"product_cat-sacs","7":"product_cat-sacs-a-main","9":"first","10":"outofstock","11":"sale","12":"taxable","13":"shipping-taxable","14":"purchasable","15":"product-type-simple"},"_links":{"self":[{"href":"https:\/\/melanybrown.com\/en\/wp-json\/wp\/v2\/product\/43125","targetHints":{"allow":["GET"]}}],"collection":[{"href":"https:\/\/melanybrown.com\/en\/wp-json\/wp\/v2\/product"}],"about":[{"href":"https:\/\/melanybrown.com\/en\/wp-json\/wp\/v2\/types\/product"}],"replies":[{"embeddable":true,"href":"https:\/\/melanybrown.com\/en\/wp-json\/wp\/v2\/comments?post=43125"}],"wp:featuredmedia":[{"embeddable":true,"href":"https:\/\/melanybrown.com\/en\/wp-json\/wp\/v2\/media\/43126"}],"wp:attachment":[{"href":"https:\/\/melanybrown.com\/en\/wp-json\/wp\/v2\/media?parent=43125"}],"wp:term":[{"taxonomy":"product_brand","embeddable":true,"href":"https:\/\/melanybrown.com\/en\/wp-json\/wp\/v2\/product_brand?post=43125"},{"taxonomy":"product_cat","embeddable":true,"href":"https:\/\/melanybrown.com\/en\/wp-json\/wp\/v2\/product_cat?post=43125"},{"taxonomy":"product_tag","embeddable":true,"href":"https:\/\/melanybrown.com\/en\/wp-json\/wp\/v2\/product_tag?post=43125"}],"curies":[{"name":"wp","href":"https:\/\/api.w.org\/{rel}","templated":true}]}}