{"id":44348,"date":"2022-06-08T22:23:31","date_gmt":"2022-06-08T22:23:31","guid":{"rendered":"https:\/\/melanybrown.com\/product\/sandales-mya-rose\/"},"modified":"2022-06-08T22:23:32","modified_gmt":"2022-06-08T22:23:32","slug":"sandales-mya-rose","status":"publish","type":"product","link":"https:\/\/melanybrown.com\/en\/sandales-mya-rose\/","title":{"rendered":"Sandales MYA Rose"},"content":{"rendered":"<p>On adore ces mules \u00e0 la fois simples et sophistiqu\u00e9es avec leur large bride rembourr\u00e9e et leur talon aiguille de 8cm tr\u00e8s confortables aux pieds, elles ajouteront une note d&#8217;\u00e9l\u00e9gance \u00e0 tous vos ensembles. Et seront un must-have cette saison!<\/p>","protected":false},"excerpt":{"rendered":"<p>On adore ces mules \u00e0 la fois simples et sophistiqu\u00e9es avec leur large bride rembourr\u00e9e et leur talon aiguille de 8cm tr\u00e8s confortables aux pieds, elles ajouteront une note d&#8217;\u00e9l\u00e9gance \u00e0 tous vos ensembles. Et seront un must-have cette saison!<\/p>","protected":false},"featured_media":0,"comment_status":"open","ping_status":"open","template":"","meta":[],"product_brand":[],"product_cat":[405,406],"product_tag":[],"class_list":{"0":"post-44348","1":"product","2":"type-product","3":"status-publish","5":"product_cat-chaussures","6":"product_cat-chaussures-a-talons","8":"first","9":"outofstock","10":"product-type-variable","11":"has-default-attributes"},"_links":{"self":[{"href":"https:\/\/melanybrown.com\/en\/wp-json\/wp\/v2\/product\/44348","targetHints":{"allow":["GET"]}}],"collection":[{"href":"https:\/\/melanybrown.com\/en\/wp-json\/wp\/v2\/product"}],"about":[{"href":"https:\/\/melanybrown.com\/en\/wp-json\/wp\/v2\/types\/product"}],"replies":[{"embeddable":true,"href":"https:\/\/melanybrown.com\/en\/wp-json\/wp\/v2\/comments?post=44348"}],"wp:attachment":[{"href":"https:\/\/melanybrown.com\/en\/wp-json\/wp\/v2\/media?parent=44348"}],"wp:term":[{"taxonomy":"product_brand","embeddable":true,"href":"https:\/\/melanybrown.com\/en\/wp-json\/wp\/v2\/product_brand?post=44348"},{"taxonomy":"product_cat","embeddable":true,"href":"https:\/\/melanybrown.com\/en\/wp-json\/wp\/v2\/product_cat?post=44348"},{"taxonomy":"product_tag","embeddable":true,"href":"https:\/\/melanybrown.com\/en\/wp-json\/wp\/v2\/product_tag?post=44348"}],"curies":[{"name":"wp","href":"https:\/\/api.w.org\/{rel}","templated":true}]}}