{"id":44540,"date":"2025-03-24T21:37:29","date_gmt":"2025-03-24T21:37:29","guid":{"rendered":"https:\/\/melanybrown.com\/product\/sac-a-main-carry-noir\/"},"modified":"2025-12-25T14:33:14","modified_gmt":"2025-12-25T14:33:14","slug":"sac-a-main-carry-noir","status":"publish","type":"product","link":"https:\/\/melanybrown.com\/en\/sac-a-main-carry-noir\/","title":{"rendered":"Sac \u00e0 main CARRY Noir"},"content":{"rendered":"","protected":false},"excerpt":{"rendered":"<p>On est dingue de ce sac au format rectangulaire structur\u00e9 au cuir lisse agr\u00e9ment\u00e9 d&#8217;un fermoir m\u00e9tallique sur le devant en dor\u00e9 vieilli. Il peut \u00eatre port\u00e9 \u00e0 l&#8217;\u00e9paule ou en bandouli\u00e8re gr\u00e2ce \u00e0 sa longue anse m\u00e9tallique. A l&#8217;int\u00e9rieur, il est dot\u00e9 d&#8217;un grand compartiment pour rangements et d&#8217;une fente \u00e0 zip our vos cartes. Gros coup de coeur! . Dimensions 17x20x6,5 CM<\/p>","protected":false},"featured_media":74969,"comment_status":"open","ping_status":"open","template":"","meta":[],"product_brand":[],"product_cat":[357,384],"product_tag":[],"class_list":{"0":"post-44540","1":"product","2":"type-product","3":"status-publish","4":"has-post-thumbnail","6":"product_cat-sacs","7":"product_cat-sacs-a-main","9":"first","10":"instock","11":"sale","12":"taxable","13":"shipping-taxable","14":"purchasable","15":"product-type-simple"},"_links":{"self":[{"href":"https:\/\/melanybrown.com\/en\/wp-json\/wp\/v2\/product\/44540","targetHints":{"allow":["GET"]}}],"collection":[{"href":"https:\/\/melanybrown.com\/en\/wp-json\/wp\/v2\/product"}],"about":[{"href":"https:\/\/melanybrown.com\/en\/wp-json\/wp\/v2\/types\/product"}],"replies":[{"embeddable":true,"href":"https:\/\/melanybrown.com\/en\/wp-json\/wp\/v2\/comments?post=44540"}],"wp:featuredmedia":[{"embeddable":true,"href":"https:\/\/melanybrown.com\/en\/wp-json\/wp\/v2\/media\/74969"}],"wp:attachment":[{"href":"https:\/\/melanybrown.com\/en\/wp-json\/wp\/v2\/media?parent=44540"}],"wp:term":[{"taxonomy":"product_brand","embeddable":true,"href":"https:\/\/melanybrown.com\/en\/wp-json\/wp\/v2\/product_brand?post=44540"},{"taxonomy":"product_cat","embeddable":true,"href":"https:\/\/melanybrown.com\/en\/wp-json\/wp\/v2\/product_cat?post=44540"},{"taxonomy":"product_tag","embeddable":true,"href":"https:\/\/melanybrown.com\/en\/wp-json\/wp\/v2\/product_tag?post=44540"}],"curies":[{"name":"wp","href":"https:\/\/api.w.org\/{rel}","templated":true}]}}