{"id":44553,"date":"2023-02-11T16:39:24","date_gmt":"2023-02-11T16:39:24","guid":{"rendered":"https:\/\/melanybrown.com\/product\/sac-a-main-bruna-rose\/"},"modified":"2023-02-11T16:39:24","modified_gmt":"2023-02-11T16:39:24","slug":"sac-a-main-bruna-rose","status":"publish","type":"product","link":"https:\/\/melanybrown.com\/en\/sac-a-main-bruna-rose\/","title":{"rendered":"Sac \u00e0 main BRUNA Rose"},"content":{"rendered":"","protected":false},"excerpt":{"rendered":"<p>On craque forc\u00e9ment pour ce sac \u00e9l\u00e9gant, raffin\u00e9 au look ultra-f\u00e9minin et son anse \u00e0 chainette dor\u00e9e. Fabriqu\u00e9 dans un simili lisse et dot\u00e9 de ses surpiqures, il a la taille parfaite pour vous accompagner lors de vos vir\u00e9es shopping en journ\u00e9e et vos diners aux resto le soir. Un must-have!<\/p>","protected":false},"featured_media":0,"comment_status":"open","ping_status":"open","template":"","meta":[],"product_brand":[],"product_cat":[357,384],"product_tag":[],"class_list":{"0":"post-44553","1":"product","2":"type-product","3":"status-publish","5":"product_cat-sacs","6":"product_cat-sacs-a-main","8":"first","9":"outofstock","10":"taxable","11":"shipping-taxable","12":"purchasable","13":"product-type-simple"},"_links":{"self":[{"href":"https:\/\/melanybrown.com\/en\/wp-json\/wp\/v2\/product\/44553","targetHints":{"allow":["GET"]}}],"collection":[{"href":"https:\/\/melanybrown.com\/en\/wp-json\/wp\/v2\/product"}],"about":[{"href":"https:\/\/melanybrown.com\/en\/wp-json\/wp\/v2\/types\/product"}],"replies":[{"embeddable":true,"href":"https:\/\/melanybrown.com\/en\/wp-json\/wp\/v2\/comments?post=44553"}],"wp:attachment":[{"href":"https:\/\/melanybrown.com\/en\/wp-json\/wp\/v2\/media?parent=44553"}],"wp:term":[{"taxonomy":"product_brand","embeddable":true,"href":"https:\/\/melanybrown.com\/en\/wp-json\/wp\/v2\/product_brand?post=44553"},{"taxonomy":"product_cat","embeddable":true,"href":"https:\/\/melanybrown.com\/en\/wp-json\/wp\/v2\/product_cat?post=44553"},{"taxonomy":"product_tag","embeddable":true,"href":"https:\/\/melanybrown.com\/en\/wp-json\/wp\/v2\/product_tag?post=44553"}],"curies":[{"name":"wp","href":"https:\/\/api.w.org\/{rel}","templated":true}]}}