{"id":45029,"date":"2025-03-24T21:48:42","date_gmt":"2025-03-24T21:48:42","guid":{"rendered":"https:\/\/melanybrown.com\/product\/sandales-malena-gris-2\/"},"modified":"2026-03-23T21:04:35","modified_gmt":"2026-03-23T21:04:35","slug":"sandales-malena-gris","status":"publish","type":"product","link":"https:\/\/melanybrown.com\/en\/sandales-malena-gris\/","title":{"rendered":"Sandales MALENA Gris"},"content":{"rendered":"","protected":false},"excerpt":{"rendered":"<p>on adore ce mod\u00e8le de sandales plates et confortables gr\u00e2ce \u00e0 leurs talons plats. Dot\u00e9es de semelles color\u00e9es, elles sont parfaites pour l\u2019\u00e9t\u00e9, \u00e0 porter sans arr\u00eat!<\/p>","protected":false},"featured_media":45030,"comment_status":"open","ping_status":"open","template":"","meta":[],"product_brand":[],"product_cat":[405,421],"product_tag":[],"class_list":{"0":"post-45029","1":"product","2":"type-product","3":"status-publish","4":"has-post-thumbnail","6":"product_cat-chaussures","7":"product_cat-chaussures-plates","9":"first","10":"instock","11":"sale","12":"taxable","13":"shipping-taxable","14":"purchasable","15":"product-type-variable","16":"has-default-attributes"},"_links":{"self":[{"href":"https:\/\/melanybrown.com\/en\/wp-json\/wp\/v2\/product\/45029","targetHints":{"allow":["GET"]}}],"collection":[{"href":"https:\/\/melanybrown.com\/en\/wp-json\/wp\/v2\/product"}],"about":[{"href":"https:\/\/melanybrown.com\/en\/wp-json\/wp\/v2\/types\/product"}],"replies":[{"embeddable":true,"href":"https:\/\/melanybrown.com\/en\/wp-json\/wp\/v2\/comments?post=45029"}],"wp:featuredmedia":[{"embeddable":true,"href":"https:\/\/melanybrown.com\/en\/wp-json\/wp\/v2\/media\/45030"}],"wp:attachment":[{"href":"https:\/\/melanybrown.com\/en\/wp-json\/wp\/v2\/media?parent=45029"}],"wp:term":[{"taxonomy":"product_brand","embeddable":true,"href":"https:\/\/melanybrown.com\/en\/wp-json\/wp\/v2\/product_brand?post=45029"},{"taxonomy":"product_cat","embeddable":true,"href":"https:\/\/melanybrown.com\/en\/wp-json\/wp\/v2\/product_cat?post=45029"},{"taxonomy":"product_tag","embeddable":true,"href":"https:\/\/melanybrown.com\/en\/wp-json\/wp\/v2\/product_tag?post=45029"}],"curies":[{"name":"wp","href":"https:\/\/api.w.org\/{rel}","templated":true}]}}