{"id":45755,"date":"2023-02-11T16:40:51","date_gmt":"2023-02-11T16:40:51","guid":{"rendered":"https:\/\/melanybrown.com\/product\/sac-a-main-farrow-rouge-2\/"},"modified":"2026-05-14T14:39:20","modified_gmt":"2026-05-14T14:39:20","slug":"sac-a-main-farrow-rouge","status":"publish","type":"product","link":"https:\/\/melanybrown.com\/en\/sac-a-main-farrow-rouge\/","title":{"rendered":"Sac \u00e0 main FARROW Rouge"},"content":{"rendered":"","protected":false},"excerpt":{"rendered":"<p>Un sac qui joue la carte de l&#8217;\u00e9l\u00e9gance jusqu&#8217;au bout avec sa forme g\u00e9om\u00e9trique, ses surpiqures, son fermoir \u00e0 aimant et sa longue bandouli\u00e8re en chaine m\u00e9tallique pour un look ultra-chic! Dot\u00e9 de plusieurs compartiments int\u00e9rieurs, son format est parfait pour transporter le n\u00e9cessaire du quotidien et vous suivre de jour comme de nuit<\/p>","protected":false},"featured_media":78370,"comment_status":"open","ping_status":"closed","template":"","meta":[],"product_brand":[],"product_cat":[357,384],"product_tag":[],"class_list":{"0":"post-45755","1":"product","2":"type-product","3":"status-publish","4":"has-post-thumbnail","6":"product_cat-sacs","7":"product_cat-sacs-a-main","9":"first","10":"instock","11":"taxable","12":"shipping-taxable","13":"purchasable","14":"product-type-simple"},"_links":{"self":[{"href":"https:\/\/melanybrown.com\/en\/wp-json\/wp\/v2\/product\/45755","targetHints":{"allow":["GET"]}}],"collection":[{"href":"https:\/\/melanybrown.com\/en\/wp-json\/wp\/v2\/product"}],"about":[{"href":"https:\/\/melanybrown.com\/en\/wp-json\/wp\/v2\/types\/product"}],"replies":[{"embeddable":true,"href":"https:\/\/melanybrown.com\/en\/wp-json\/wp\/v2\/comments?post=45755"}],"wp:featuredmedia":[{"embeddable":true,"href":"https:\/\/melanybrown.com\/en\/wp-json\/wp\/v2\/media\/78370"}],"wp:attachment":[{"href":"https:\/\/melanybrown.com\/en\/wp-json\/wp\/v2\/media?parent=45755"}],"wp:term":[{"taxonomy":"product_brand","embeddable":true,"href":"https:\/\/melanybrown.com\/en\/wp-json\/wp\/v2\/product_brand?post=45755"},{"taxonomy":"product_cat","embeddable":true,"href":"https:\/\/melanybrown.com\/en\/wp-json\/wp\/v2\/product_cat?post=45755"},{"taxonomy":"product_tag","embeddable":true,"href":"https:\/\/melanybrown.com\/en\/wp-json\/wp\/v2\/product_tag?post=45755"}],"curies":[{"name":"wp","href":"https:\/\/api.w.org\/{rel}","templated":true}]}}