{"id":47973,"date":"2025-03-24T22:08:50","date_gmt":"2025-03-24T22:08:50","guid":{"rendered":"https:\/\/melanybrown.com\/product\/chaussures-carmine-blanc-2\/"},"modified":"2025-12-14T15:32:45","modified_gmt":"2025-12-14T15:32:45","slug":"chaussures-carmine-beige","status":"publish","type":"product","link":"https:\/\/melanybrown.com\/en\/chaussures-carmine-beige\/","title":{"rendered":"Chaussures CARMINE Beige"},"content":{"rendered":"","protected":false},"excerpt":{"rendered":"<p>Gros coup de coeur pour ces baskets hyper styl\u00e9es avec leurs deux bandes \u00e0 scratch incrust\u00e9es de pierres qui cassent le cot\u00e9 street pour donner une touche glamour qu\u2019on adore! Elles se referment via des lacets et sont hyper confortables gr\u00e2ce \u00e0 des semelles compens\u00e9es et crant\u00e9es. On valide sans h\u00e9siter!<\/p>","protected":false},"featured_media":64899,"comment_status":"open","ping_status":"open","template":"","meta":[],"product_brand":[],"product_cat":[413,405],"product_tag":[],"class_list":{"0":"post-47973","1":"product","2":"type-product","3":"status-publish","4":"has-post-thumbnail","6":"product_cat-baskets","7":"product_cat-chaussures","9":"first","10":"instock","11":"sale","12":"taxable","13":"shipping-taxable","14":"purchasable","15":"product-type-variable","16":"has-default-attributes"},"_links":{"self":[{"href":"https:\/\/melanybrown.com\/en\/wp-json\/wp\/v2\/product\/47973","targetHints":{"allow":["GET"]}}],"collection":[{"href":"https:\/\/melanybrown.com\/en\/wp-json\/wp\/v2\/product"}],"about":[{"href":"https:\/\/melanybrown.com\/en\/wp-json\/wp\/v2\/types\/product"}],"replies":[{"embeddable":true,"href":"https:\/\/melanybrown.com\/en\/wp-json\/wp\/v2\/comments?post=47973"}],"wp:featuredmedia":[{"embeddable":true,"href":"https:\/\/melanybrown.com\/en\/wp-json\/wp\/v2\/media\/64899"}],"wp:attachment":[{"href":"https:\/\/melanybrown.com\/en\/wp-json\/wp\/v2\/media?parent=47973"}],"wp:term":[{"taxonomy":"product_brand","embeddable":true,"href":"https:\/\/melanybrown.com\/en\/wp-json\/wp\/v2\/product_brand?post=47973"},{"taxonomy":"product_cat","embeddable":true,"href":"https:\/\/melanybrown.com\/en\/wp-json\/wp\/v2\/product_cat?post=47973"},{"taxonomy":"product_tag","embeddable":true,"href":"https:\/\/melanybrown.com\/en\/wp-json\/wp\/v2\/product_tag?post=47973"}],"curies":[{"name":"wp","href":"https:\/\/api.w.org\/{rel}","templated":true}]}}