{"id":48005,"date":"2025-03-24T22:15:57","date_gmt":"2025-03-24T22:15:57","guid":{"rendered":"https:\/\/melanybrown.com\/product\/bottes-robby-noir\/"},"modified":"2026-02-05T16:57:24","modified_gmt":"2026-02-05T16:57:24","slug":"bottes-robby-noir","status":"publish","type":"product","link":"https:\/\/melanybrown.com\/en\/bottes-robby-noir\/","title":{"rendered":"Bottes ROBBY Noir"},"content":{"rendered":"","protected":false},"excerpt":{"rendered":"<p>On aime l\u2019originalit\u00e9 de ce mod\u00e8le dot\u00e9 d&#8217;un maillon en chaine \u00e0 l&#8217;avant et d&#8217;une bande incrust\u00e9e de pics et de lacets montants. Ces bottines plates \u00e0 semelle crant\u00e9e se ferment avec une glissi\u00e8re sur le cot\u00e9 et font un tr\u00e8s joli m\u00e9lange glam-rock pour donner de l&#8217;allure \u00e0 vos tenues!<\/p>","protected":false},"featured_media":48006,"comment_status":"open","ping_status":"open","template":"","meta":[],"product_brand":[],"product_cat":[429,405],"product_tag":[],"class_list":{"0":"post-48005","1":"product","2":"type-product","3":"status-publish","4":"has-post-thumbnail","6":"product_cat-bottes","7":"product_cat-chaussures","9":"first","10":"instock","11":"sale","12":"taxable","13":"shipping-taxable","14":"purchasable","15":"product-type-variable","16":"has-default-attributes"},"_links":{"self":[{"href":"https:\/\/melanybrown.com\/en\/wp-json\/wp\/v2\/product\/48005","targetHints":{"allow":["GET"]}}],"collection":[{"href":"https:\/\/melanybrown.com\/en\/wp-json\/wp\/v2\/product"}],"about":[{"href":"https:\/\/melanybrown.com\/en\/wp-json\/wp\/v2\/types\/product"}],"replies":[{"embeddable":true,"href":"https:\/\/melanybrown.com\/en\/wp-json\/wp\/v2\/comments?post=48005"}],"wp:featuredmedia":[{"embeddable":true,"href":"https:\/\/melanybrown.com\/en\/wp-json\/wp\/v2\/media\/48006"}],"wp:attachment":[{"href":"https:\/\/melanybrown.com\/en\/wp-json\/wp\/v2\/media?parent=48005"}],"wp:term":[{"taxonomy":"product_brand","embeddable":true,"href":"https:\/\/melanybrown.com\/en\/wp-json\/wp\/v2\/product_brand?post=48005"},{"taxonomy":"product_cat","embeddable":true,"href":"https:\/\/melanybrown.com\/en\/wp-json\/wp\/v2\/product_cat?post=48005"},{"taxonomy":"product_tag","embeddable":true,"href":"https:\/\/melanybrown.com\/en\/wp-json\/wp\/v2\/product_tag?post=48005"}],"curies":[{"name":"wp","href":"https:\/\/api.w.org\/{rel}","templated":true}]}}