{"id":48026,"date":"2025-03-24T22:16:02","date_gmt":"2025-03-24T22:16:02","guid":{"rendered":"https:\/\/melanybrown.com\/product\/bottes-noah-noir\/"},"modified":"2026-02-14T20:51:12","modified_gmt":"2026-02-14T20:51:12","slug":"bottes-noah-noir","status":"publish","type":"product","link":"https:\/\/melanybrown.com\/en\/bottes-noah-noir\/","title":{"rendered":"Bottes NOAH Noir"},"content":{"rendered":"","protected":false},"excerpt":{"rendered":"<p>Orn\u00e9es de larges brides \u00e0 pics avec des boucles sur le cot\u00e9 et de deux zips de chaque cot\u00e9 des lacets et port\u00e9es par une confortable semelle crant\u00e9e, ces bottines au style masculins s&#8217;associeront parfaitement \u00e0 des jeans, robes, jupes ou shorts<\/p>","protected":false},"featured_media":48027,"comment_status":"open","ping_status":"open","template":"","meta":[],"product_brand":[],"product_cat":[429,405],"product_tag":[],"class_list":{"0":"post-48026","1":"product","2":"type-product","3":"status-publish","4":"has-post-thumbnail","6":"product_cat-bottes","7":"product_cat-chaussures","9":"first","10":"instock","11":"sale","12":"taxable","13":"shipping-taxable","14":"purchasable","15":"product-type-variable","16":"has-default-attributes"},"_links":{"self":[{"href":"https:\/\/melanybrown.com\/en\/wp-json\/wp\/v2\/product\/48026","targetHints":{"allow":["GET"]}}],"collection":[{"href":"https:\/\/melanybrown.com\/en\/wp-json\/wp\/v2\/product"}],"about":[{"href":"https:\/\/melanybrown.com\/en\/wp-json\/wp\/v2\/types\/product"}],"replies":[{"embeddable":true,"href":"https:\/\/melanybrown.com\/en\/wp-json\/wp\/v2\/comments?post=48026"}],"wp:featuredmedia":[{"embeddable":true,"href":"https:\/\/melanybrown.com\/en\/wp-json\/wp\/v2\/media\/48027"}],"wp:attachment":[{"href":"https:\/\/melanybrown.com\/en\/wp-json\/wp\/v2\/media?parent=48026"}],"wp:term":[{"taxonomy":"product_brand","embeddable":true,"href":"https:\/\/melanybrown.com\/en\/wp-json\/wp\/v2\/product_brand?post=48026"},{"taxonomy":"product_cat","embeddable":true,"href":"https:\/\/melanybrown.com\/en\/wp-json\/wp\/v2\/product_cat?post=48026"},{"taxonomy":"product_tag","embeddable":true,"href":"https:\/\/melanybrown.com\/en\/wp-json\/wp\/v2\/product_tag?post=48026"}],"curies":[{"name":"wp","href":"https:\/\/api.w.org\/{rel}","templated":true}]}}