{"id":62463,"date":"2025-03-24T21:37:45","date_gmt":"2025-03-24T21:37:45","guid":{"rendered":"https:\/\/melanybrown.com\/product\/sac-a-main-cruz-beige\/"},"modified":"2025-12-25T16:17:48","modified_gmt":"2025-12-25T16:17:48","slug":"sac-a-main-cruz-beige","status":"publish","type":"product","link":"https:\/\/melanybrown.com\/en\/sac-a-main-cruz-beige\/","title":{"rendered":"Sac \u00e0 main CRUZ Beige"},"content":{"rendered":"","protected":false},"excerpt":{"rendered":"<p>Un cabas au format XXL et au design minimaliste. Pratique et fonctionnel avec sa grande trousse int\u00e9rieure amovible pouvant \u00eatre port\u00e9e s\u00e9par\u00e9ment, il est fabriqu\u00e9 dans un simili cuir lisse de tr\u00e8s bonne qualit\u00e9, doux au toucher et peut rapidement devenir votre fid\u00e8le compagnon de shopping . Dimensions 25&#215;41,5&#215;14 CM<\/p>","protected":false},"featured_media":76446,"comment_status":"open","ping_status":"open","template":"","meta":[],"product_brand":[],"product_cat":[357,384],"product_tag":[],"class_list":{"0":"post-62463","1":"product","2":"type-product","3":"status-publish","4":"has-post-thumbnail","6":"product_cat-sacs","7":"product_cat-sacs-a-main","9":"first","10":"instock","11":"sale","12":"taxable","13":"shipping-taxable","14":"purchasable","15":"product-type-simple"},"_links":{"self":[{"href":"https:\/\/melanybrown.com\/en\/wp-json\/wp\/v2\/product\/62463","targetHints":{"allow":["GET"]}}],"collection":[{"href":"https:\/\/melanybrown.com\/en\/wp-json\/wp\/v2\/product"}],"about":[{"href":"https:\/\/melanybrown.com\/en\/wp-json\/wp\/v2\/types\/product"}],"replies":[{"embeddable":true,"href":"https:\/\/melanybrown.com\/en\/wp-json\/wp\/v2\/comments?post=62463"}],"wp:featuredmedia":[{"embeddable":true,"href":"https:\/\/melanybrown.com\/en\/wp-json\/wp\/v2\/media\/76446"}],"wp:attachment":[{"href":"https:\/\/melanybrown.com\/en\/wp-json\/wp\/v2\/media?parent=62463"}],"wp:term":[{"taxonomy":"product_brand","embeddable":true,"href":"https:\/\/melanybrown.com\/en\/wp-json\/wp\/v2\/product_brand?post=62463"},{"taxonomy":"product_cat","embeddable":true,"href":"https:\/\/melanybrown.com\/en\/wp-json\/wp\/v2\/product_cat?post=62463"},{"taxonomy":"product_tag","embeddable":true,"href":"https:\/\/melanybrown.com\/en\/wp-json\/wp\/v2\/product_tag?post=62463"}],"curies":[{"name":"wp","href":"https:\/\/api.w.org\/{rel}","templated":true}]}}