{"id":62489,"date":"2025-03-24T21:38:10","date_gmt":"2025-03-24T21:38:10","guid":{"rendered":"https:\/\/melanybrown.com\/product\/sac-a-main-vita-bleu-croco\/"},"modified":"2025-12-25T16:29:04","modified_gmt":"2025-12-25T16:29:04","slug":"sac-a-main-vita-beige-croco","status":"publish","type":"product","link":"https:\/\/melanybrown.com\/en\/sac-a-main-vita-beige-croco\/","title":{"rendered":"Sac \u00e0 main VITA Beige Croco"},"content":{"rendered":"","protected":false},"excerpt":{"rendered":"<p>Gros coup de coeur pour ce sac au style \u00e9pur\u00e9 et tr\u00e8s f\u00e9minin. On aime sa longue bride en chaine pour un port\u00e9 \u00e9paule ou en bandouli\u00e8re, son rabat \u00e0 fermeture magn\u00e9tique, et ses multiples compartiments int\u00e9rieurs. On adore son cot\u00e9 \u00e9l\u00e9gant parfait pour le jour comme pour la nuit. Dimensions:<\/p>","protected":false},"featured_media":76273,"comment_status":"open","ping_status":"open","template":"","meta":[],"product_brand":[],"product_cat":[357,384],"product_tag":[],"class_list":{"0":"post-62489","1":"product","2":"type-product","3":"status-publish","4":"has-post-thumbnail","6":"product_cat-sacs","7":"product_cat-sacs-a-main","9":"first","10":"instock","11":"sale","12":"taxable","13":"shipping-taxable","14":"purchasable","15":"product-type-simple"},"_links":{"self":[{"href":"https:\/\/melanybrown.com\/en\/wp-json\/wp\/v2\/product\/62489","targetHints":{"allow":["GET"]}}],"collection":[{"href":"https:\/\/melanybrown.com\/en\/wp-json\/wp\/v2\/product"}],"about":[{"href":"https:\/\/melanybrown.com\/en\/wp-json\/wp\/v2\/types\/product"}],"replies":[{"embeddable":true,"href":"https:\/\/melanybrown.com\/en\/wp-json\/wp\/v2\/comments?post=62489"}],"wp:featuredmedia":[{"embeddable":true,"href":"https:\/\/melanybrown.com\/en\/wp-json\/wp\/v2\/media\/76273"}],"wp:attachment":[{"href":"https:\/\/melanybrown.com\/en\/wp-json\/wp\/v2\/media?parent=62489"}],"wp:term":[{"taxonomy":"product_brand","embeddable":true,"href":"https:\/\/melanybrown.com\/en\/wp-json\/wp\/v2\/product_brand?post=62489"},{"taxonomy":"product_cat","embeddable":true,"href":"https:\/\/melanybrown.com\/en\/wp-json\/wp\/v2\/product_cat?post=62489"},{"taxonomy":"product_tag","embeddable":true,"href":"https:\/\/melanybrown.com\/en\/wp-json\/wp\/v2\/product_tag?post=62489"}],"curies":[{"name":"wp","href":"https:\/\/api.w.org\/{rel}","templated":true}]}}