{"id":64567,"date":"2023-10-28T17:02:42","date_gmt":"2023-10-28T17:02:42","guid":{"rendered":"https:\/\/melanybrown.com\/sandales-tori-marron\/"},"modified":"2026-04-02T13:16:22","modified_gmt":"2026-04-02T13:16:22","slug":"sandales-tori-marron","status":"publish","type":"product","link":"https:\/\/melanybrown.com\/en\/sandales-tori-marron\/","title":{"rendered":"Sandales TORI Marron"},"content":{"rendered":"","protected":false},"excerpt":{"rendered":"<p>Beaucoup d\u2019\u00e9l\u00e9gance et de glamour pour ces jolies sandales plates aux surpiq\u00fbres tr\u00e8s chics. Elles sont dot\u00e9es de boucles incrust\u00e9es de pierres et sont parfaites pour la journ\u00e9e comme pour le soir si vous \u00eates de sortie. Elles sont confortables gr\u00e2ce \u00e0 leur semelle rembourr\u00e9e. Un must-have!<\/p>","protected":false},"featured_media":64568,"comment_status":"open","ping_status":"open","template":"","meta":[],"product_brand":[],"product_cat":[405,421],"product_tag":[],"class_list":{"0":"post-64567","1":"product","2":"type-product","3":"status-publish","4":"has-post-thumbnail","6":"product_cat-chaussures","7":"product_cat-chaussures-plates","9":"first","10":"instock","11":"sale","12":"taxable","13":"shipping-taxable","14":"purchasable","15":"product-type-variable","16":"has-default-attributes"},"_links":{"self":[{"href":"https:\/\/melanybrown.com\/en\/wp-json\/wp\/v2\/product\/64567","targetHints":{"allow":["GET"]}}],"collection":[{"href":"https:\/\/melanybrown.com\/en\/wp-json\/wp\/v2\/product"}],"about":[{"href":"https:\/\/melanybrown.com\/en\/wp-json\/wp\/v2\/types\/product"}],"replies":[{"embeddable":true,"href":"https:\/\/melanybrown.com\/en\/wp-json\/wp\/v2\/comments?post=64567"}],"wp:featuredmedia":[{"embeddable":true,"href":"https:\/\/melanybrown.com\/en\/wp-json\/wp\/v2\/media\/64568"}],"wp:attachment":[{"href":"https:\/\/melanybrown.com\/en\/wp-json\/wp\/v2\/media?parent=64567"}],"wp:term":[{"taxonomy":"product_brand","embeddable":true,"href":"https:\/\/melanybrown.com\/en\/wp-json\/wp\/v2\/product_brand?post=64567"},{"taxonomy":"product_cat","embeddable":true,"href":"https:\/\/melanybrown.com\/en\/wp-json\/wp\/v2\/product_cat?post=64567"},{"taxonomy":"product_tag","embeddable":true,"href":"https:\/\/melanybrown.com\/en\/wp-json\/wp\/v2\/product_tag?post=64567"}],"curies":[{"name":"wp","href":"https:\/\/api.w.org\/{rel}","templated":true}]}}