{"id":64593,"date":"2025-03-24T22:01:51","date_gmt":"2025-03-24T22:01:51","guid":{"rendered":"https:\/\/melanybrown.com\/baskets-mania-noir\/"},"modified":"2025-12-26T14:17:48","modified_gmt":"2025-12-26T14:17:48","slug":"baskets-mania-noir","status":"publish","type":"product","link":"https:\/\/melanybrown.com\/en\/baskets-mania-noir\/","title":{"rendered":"Baskets MANIA Noir"},"content":{"rendered":"","protected":false},"excerpt":{"rendered":"<p>Succombez pour cette paire de baskets super styl\u00e9es d\u00e9clin\u00e9es dans des couleurs iris\u00e9es et mont\u00e9es sur des semelles \u00e9paisses crant\u00e9es en caoutchouc hyper confortables. A porter tous les jours pour mettre du peps \u00e0 vos tenues!<\/p>","protected":false},"featured_media":76396,"comment_status":"open","ping_status":"open","template":"","meta":[],"product_brand":[],"product_cat":[413,405],"product_tag":[],"class_list":{"0":"post-64593","1":"product","2":"type-product","3":"status-publish","4":"has-post-thumbnail","6":"product_cat-baskets","7":"product_cat-chaussures","9":"first","10":"instock","11":"sale","12":"taxable","13":"shipping-taxable","14":"purchasable","15":"product-type-variable","16":"has-default-attributes"},"_links":{"self":[{"href":"https:\/\/melanybrown.com\/en\/wp-json\/wp\/v2\/product\/64593","targetHints":{"allow":["GET"]}}],"collection":[{"href":"https:\/\/melanybrown.com\/en\/wp-json\/wp\/v2\/product"}],"about":[{"href":"https:\/\/melanybrown.com\/en\/wp-json\/wp\/v2\/types\/product"}],"replies":[{"embeddable":true,"href":"https:\/\/melanybrown.com\/en\/wp-json\/wp\/v2\/comments?post=64593"}],"wp:featuredmedia":[{"embeddable":true,"href":"https:\/\/melanybrown.com\/en\/wp-json\/wp\/v2\/media\/76396"}],"wp:attachment":[{"href":"https:\/\/melanybrown.com\/en\/wp-json\/wp\/v2\/media?parent=64593"}],"wp:term":[{"taxonomy":"product_brand","embeddable":true,"href":"https:\/\/melanybrown.com\/en\/wp-json\/wp\/v2\/product_brand?post=64593"},{"taxonomy":"product_cat","embeddable":true,"href":"https:\/\/melanybrown.com\/en\/wp-json\/wp\/v2\/product_cat?post=64593"},{"taxonomy":"product_tag","embeddable":true,"href":"https:\/\/melanybrown.com\/en\/wp-json\/wp\/v2\/product_tag?post=64593"}],"curies":[{"name":"wp","href":"https:\/\/api.w.org\/{rel}","templated":true}]}}