{"id":64649,"date":"2025-03-24T22:03:28","date_gmt":"2025-03-24T22:03:28","guid":{"rendered":"https:\/\/melanybrown.com\/sandales-olivia-or\/"},"modified":"2025-06-26T22:10:11","modified_gmt":"2025-06-26T22:10:11","slug":"sandales-olivia-or","status":"publish","type":"product","link":"https:\/\/melanybrown.com\/en\/sandales-olivia-or\/","title":{"rendered":"Sandales OLIVIA OR"},"content":{"rendered":"","protected":false},"excerpt":{"rendered":"<p>On prend de la hauteur avec ces magnifiques sandales en simili cuir vernis, tr\u00e8s confortables gr\u00e2ce une la plateforme sur le devant et aux talons blocs carr\u00e9s de 12cm. Elles se ferment gr\u00e2ce \u00e0 une lani\u00e8re avec fermoir autour de la cheville, et une fois port\u00e9es, elles \u00e9lancent la silhouette et mettent en valeur vos jolies jambes.<\/p>","protected":false},"featured_media":64650,"comment_status":"open","ping_status":"open","template":"","meta":[],"product_brand":[],"product_cat":[405,406],"product_tag":[],"class_list":{"0":"post-64649","1":"product","2":"type-product","3":"status-publish","4":"has-post-thumbnail","6":"product_cat-chaussures","7":"product_cat-chaussures-a-talons","9":"first","10":"instock","11":"taxable","12":"shipping-taxable","13":"purchasable","14":"product-type-variable","15":"has-default-attributes"},"_links":{"self":[{"href":"https:\/\/melanybrown.com\/en\/wp-json\/wp\/v2\/product\/64649","targetHints":{"allow":["GET"]}}],"collection":[{"href":"https:\/\/melanybrown.com\/en\/wp-json\/wp\/v2\/product"}],"about":[{"href":"https:\/\/melanybrown.com\/en\/wp-json\/wp\/v2\/types\/product"}],"replies":[{"embeddable":true,"href":"https:\/\/melanybrown.com\/en\/wp-json\/wp\/v2\/comments?post=64649"}],"wp:featuredmedia":[{"embeddable":true,"href":"https:\/\/melanybrown.com\/en\/wp-json\/wp\/v2\/media\/64650"}],"wp:attachment":[{"href":"https:\/\/melanybrown.com\/en\/wp-json\/wp\/v2\/media?parent=64649"}],"wp:term":[{"taxonomy":"product_brand","embeddable":true,"href":"https:\/\/melanybrown.com\/en\/wp-json\/wp\/v2\/product_brand?post=64649"},{"taxonomy":"product_cat","embeddable":true,"href":"https:\/\/melanybrown.com\/en\/wp-json\/wp\/v2\/product_cat?post=64649"},{"taxonomy":"product_tag","embeddable":true,"href":"https:\/\/melanybrown.com\/en\/wp-json\/wp\/v2\/product_tag?post=64649"}],"curies":[{"name":"wp","href":"https:\/\/api.w.org\/{rel}","templated":true}]}}