{"id":64930,"date":"2025-03-24T22:12:27","date_gmt":"2025-03-24T22:12:27","guid":{"rendered":"https:\/\/melanybrown.com\/sandales-peyton-bleu\/"},"modified":"2026-03-29T05:50:11","modified_gmt":"2026-03-29T05:50:11","slug":"chaussures-peyton-bleu","status":"publish","type":"product","link":"https:\/\/melanybrown.com\/en\/chaussures-peyton-bleu\/","title":{"rendered":"Chaussures PEYTON Bleu"},"content":{"rendered":"","protected":false},"excerpt":{"rendered":"<p>On adore ces espadrilles en toile orn\u00e9es de strass pour la touche glamour. Elle sont dot\u00e9es de semelles en jute tress\u00e9e pour un confort de marche incomparable et une bonne tenue de pieds toute la journ\u00e9e!<\/p>","protected":false},"featured_media":76498,"comment_status":"open","ping_status":"open","template":"","meta":[],"product_brand":[],"product_cat":[405,421],"product_tag":[],"class_list":{"0":"post-64930","1":"product","2":"type-product","3":"status-publish","4":"has-post-thumbnail","6":"product_cat-chaussures","7":"product_cat-chaussures-plates","9":"first","10":"instock","11":"sale","12":"taxable","13":"shipping-taxable","14":"purchasable","15":"product-type-variable","16":"has-default-attributes"},"_links":{"self":[{"href":"https:\/\/melanybrown.com\/en\/wp-json\/wp\/v2\/product\/64930","targetHints":{"allow":["GET"]}}],"collection":[{"href":"https:\/\/melanybrown.com\/en\/wp-json\/wp\/v2\/product"}],"about":[{"href":"https:\/\/melanybrown.com\/en\/wp-json\/wp\/v2\/types\/product"}],"replies":[{"embeddable":true,"href":"https:\/\/melanybrown.com\/en\/wp-json\/wp\/v2\/comments?post=64930"}],"wp:featuredmedia":[{"embeddable":true,"href":"https:\/\/melanybrown.com\/en\/wp-json\/wp\/v2\/media\/76498"}],"wp:attachment":[{"href":"https:\/\/melanybrown.com\/en\/wp-json\/wp\/v2\/media?parent=64930"}],"wp:term":[{"taxonomy":"product_brand","embeddable":true,"href":"https:\/\/melanybrown.com\/en\/wp-json\/wp\/v2\/product_brand?post=64930"},{"taxonomy":"product_cat","embeddable":true,"href":"https:\/\/melanybrown.com\/en\/wp-json\/wp\/v2\/product_cat?post=64930"},{"taxonomy":"product_tag","embeddable":true,"href":"https:\/\/melanybrown.com\/en\/wp-json\/wp\/v2\/product_tag?post=64930"}],"curies":[{"name":"wp","href":"https:\/\/api.w.org\/{rel}","templated":true}]}}