{"id":64954,"date":"2025-03-24T22:19:06","date_gmt":"2025-03-24T22:19:06","guid":{"rendered":"https:\/\/melanybrown.com\/bottes-roxie-noir\/"},"modified":"2026-04-09T11:54:46","modified_gmt":"2026-04-09T11:54:46","slug":"bottes-roxie-noir","status":"publish","type":"product","link":"https:\/\/melanybrown.com\/en\/bottes-roxie-noir\/","title":{"rendered":"Bottes ROXIE Noir"},"content":{"rendered":"","protected":false},"excerpt":{"rendered":"<p>Mont\u00e9es sur une semelle plateforme pour donner de la hauteur et allonger la silhouette, ces superbes bottines sont dot\u00e9es de lacets et d\u2019une boucle sur le cot\u00e9 qui lui donnent un look tr\u00e8s styl\u00e9. Tr\u00e8s pratiques, elles se referment \u00e0 l\u2019aide d\u2019une fermeture \u00e9clair sur le cot\u00e9.<\/p>","protected":false},"featured_media":74447,"comment_status":"open","ping_status":"open","template":"","meta":[],"product_brand":[],"product_cat":[429,405],"product_tag":[],"class_list":{"0":"post-64954","1":"product","2":"type-product","3":"status-publish","4":"has-post-thumbnail","6":"product_cat-bottes","7":"product_cat-chaussures","9":"first","10":"instock","11":"sale","12":"taxable","13":"shipping-taxable","14":"purchasable","15":"product-type-variable","16":"has-default-attributes"},"_links":{"self":[{"href":"https:\/\/melanybrown.com\/en\/wp-json\/wp\/v2\/product\/64954","targetHints":{"allow":["GET"]}}],"collection":[{"href":"https:\/\/melanybrown.com\/en\/wp-json\/wp\/v2\/product"}],"about":[{"href":"https:\/\/melanybrown.com\/en\/wp-json\/wp\/v2\/types\/product"}],"replies":[{"embeddable":true,"href":"https:\/\/melanybrown.com\/en\/wp-json\/wp\/v2\/comments?post=64954"}],"wp:featuredmedia":[{"embeddable":true,"href":"https:\/\/melanybrown.com\/en\/wp-json\/wp\/v2\/media\/74447"}],"wp:attachment":[{"href":"https:\/\/melanybrown.com\/en\/wp-json\/wp\/v2\/media?parent=64954"}],"wp:term":[{"taxonomy":"product_brand","embeddable":true,"href":"https:\/\/melanybrown.com\/en\/wp-json\/wp\/v2\/product_brand?post=64954"},{"taxonomy":"product_cat","embeddable":true,"href":"https:\/\/melanybrown.com\/en\/wp-json\/wp\/v2\/product_cat?post=64954"},{"taxonomy":"product_tag","embeddable":true,"href":"https:\/\/melanybrown.com\/en\/wp-json\/wp\/v2\/product_tag?post=64954"}],"curies":[{"name":"wp","href":"https:\/\/api.w.org\/{rel}","templated":true}]}}