{"id":74397,"date":"2025-03-24T22:08:25","date_gmt":"2025-03-24T22:08:25","guid":{"rendered":"https:\/\/melanybrown.com\/product\/sandales-noemia-beige\/"},"modified":"2025-06-26T22:11:19","modified_gmt":"2025-06-26T22:11:19","slug":"sandales-noemia-beige","status":"publish","type":"product","link":"https:\/\/melanybrown.com\/en\/sandales-noemia-beige\/","title":{"rendered":"Sandales NOEMIA Beige"},"content":{"rendered":"","protected":false},"excerpt":{"rendered":"<p>Gros coup de c\u0153ur pour ces sandales plates dot\u00e9es de plusieurs brides parall\u00e8les torsad\u00e9es pour envelopper et bien maintenir le pied, ainsi qu\u2019une semelle rembourr\u00e9es pour plus de confort toute la journ\u00e9e!<\/p>","protected":false},"featured_media":45078,"comment_status":"open","ping_status":"open","template":"","meta":[],"product_brand":[],"product_cat":[405,421],"product_tag":[],"class_list":{"0":"post-74397","1":"product","2":"type-product","3":"status-publish","4":"has-post-thumbnail","6":"product_cat-chaussures","7":"product_cat-chaussures-plates","9":"first","10":"outofstock","11":"taxable","12":"shipping-taxable","13":"product-type-variable","14":"has-default-attributes"},"_links":{"self":[{"href":"https:\/\/melanybrown.com\/en\/wp-json\/wp\/v2\/product\/74397","targetHints":{"allow":["GET"]}}],"collection":[{"href":"https:\/\/melanybrown.com\/en\/wp-json\/wp\/v2\/product"}],"about":[{"href":"https:\/\/melanybrown.com\/en\/wp-json\/wp\/v2\/types\/product"}],"replies":[{"embeddable":true,"href":"https:\/\/melanybrown.com\/en\/wp-json\/wp\/v2\/comments?post=74397"}],"wp:featuredmedia":[{"embeddable":true,"href":"https:\/\/melanybrown.com\/en\/wp-json\/wp\/v2\/media\/45078"}],"wp:attachment":[{"href":"https:\/\/melanybrown.com\/en\/wp-json\/wp\/v2\/media?parent=74397"}],"wp:term":[{"taxonomy":"product_brand","embeddable":true,"href":"https:\/\/melanybrown.com\/en\/wp-json\/wp\/v2\/product_brand?post=74397"},{"taxonomy":"product_cat","embeddable":true,"href":"https:\/\/melanybrown.com\/en\/wp-json\/wp\/v2\/product_cat?post=74397"},{"taxonomy":"product_tag","embeddable":true,"href":"https:\/\/melanybrown.com\/en\/wp-json\/wp\/v2\/product_tag?post=74397"}],"curies":[{"name":"wp","href":"https:\/\/api.w.org\/{rel}","templated":true}]}}