{"id":74803,"date":"2025-03-24T21:37:10","date_gmt":"2025-03-24T21:37:10","guid":{"rendered":"https:\/\/melanybrown.com\/product\/pochette-vanya-argent\/"},"modified":"2025-12-25T18:44:28","modified_gmt":"2025-12-25T18:44:28","slug":"pochette-vanya-argent","status":"publish","type":"product","link":"https:\/\/melanybrown.com\/en\/pochette-vanya-argent\/","title":{"rendered":"Pochette VANYA Argent"},"content":{"rendered":"","protected":false},"excerpt":{"rendered":"<p>Beaucoup d&#8217;\u00e9l\u00e9gance et de glamour gr\u00e2ce \u00e0 cette belle minaudi\u00e8re incrust\u00e9e de cristaux des 2 cot\u00e9s et dot\u00e9e d&#8217;un tr\u00e8s beau fermoir tout aussi brillant. Cette pochette se porte \u00e0 la main pour un look plein de raffinement et sera parfaite en soir\u00e9e!<\/p>","protected":false},"featured_media":74804,"comment_status":"open","ping_status":"open","template":"","meta":[],"product_brand":[],"product_cat":[358,357],"product_tag":[],"class_list":{"0":"post-74803","1":"product","2":"type-product","3":"status-publish","4":"has-post-thumbnail","6":"product_cat-pochettes","7":"product_cat-sacs","9":"first","10":"instock","11":"sale","12":"taxable","13":"shipping-taxable","14":"purchasable","15":"product-type-simple"},"_links":{"self":[{"href":"https:\/\/melanybrown.com\/en\/wp-json\/wp\/v2\/product\/74803","targetHints":{"allow":["GET"]}}],"collection":[{"href":"https:\/\/melanybrown.com\/en\/wp-json\/wp\/v2\/product"}],"about":[{"href":"https:\/\/melanybrown.com\/en\/wp-json\/wp\/v2\/types\/product"}],"replies":[{"embeddable":true,"href":"https:\/\/melanybrown.com\/en\/wp-json\/wp\/v2\/comments?post=74803"}],"wp:featuredmedia":[{"embeddable":true,"href":"https:\/\/melanybrown.com\/en\/wp-json\/wp\/v2\/media\/74804"}],"wp:attachment":[{"href":"https:\/\/melanybrown.com\/en\/wp-json\/wp\/v2\/media?parent=74803"}],"wp:term":[{"taxonomy":"product_brand","embeddable":true,"href":"https:\/\/melanybrown.com\/en\/wp-json\/wp\/v2\/product_brand?post=74803"},{"taxonomy":"product_cat","embeddable":true,"href":"https:\/\/melanybrown.com\/en\/wp-json\/wp\/v2\/product_cat?post=74803"},{"taxonomy":"product_tag","embeddable":true,"href":"https:\/\/melanybrown.com\/en\/wp-json\/wp\/v2\/product_tag?post=74803"}],"curies":[{"name":"wp","href":"https:\/\/api.w.org\/{rel}","templated":true}]}}