{"id":74862,"date":"2025-03-24T21:37:17","date_gmt":"2025-03-24T21:37:17","guid":{"rendered":"https:\/\/melanybrown.com\/product\/portefeuille-milo-noir\/"},"modified":"2026-01-09T19:08:19","modified_gmt":"2026-01-09T19:08:19","slug":"portefeuille-milo-noir","status":"publish","type":"product","link":"https:\/\/melanybrown.com\/en\/portefeuille-milo-noir\/","title":{"rendered":"Portefeuille MILO Noir"},"content":{"rendered":"","protected":false},"excerpt":{"rendered":"<p>Indispensable \u00e0 votre sac \u00e0 main, ce superbe porte-monnaie matelass\u00e9 en simili cuir grain\u00e9 a tout pour plaire. Dot\u00e9 de plusieurs compartiments, d&#8217;une fermeture \u00e9clair et d&#8217;un petit format simple et \u00e9l\u00e9gant, cet accessoire sera un indispensable du quotidien.<\/p>","protected":false},"featured_media":74863,"comment_status":"open","ping_status":"open","template":"","meta":[],"product_brand":[],"product_cat":[242,371],"product_tag":[],"class_list":{"0":"post-74862","1":"product","2":"type-product","3":"status-publish","4":"has-post-thumbnail","6":"product_cat-accessoires","7":"product_cat-portefeuilles","9":"first","10":"instock","11":"sale","12":"taxable","13":"shipping-taxable","14":"purchasable","15":"product-type-simple"},"_links":{"self":[{"href":"https:\/\/melanybrown.com\/en\/wp-json\/wp\/v2\/product\/74862","targetHints":{"allow":["GET"]}}],"collection":[{"href":"https:\/\/melanybrown.com\/en\/wp-json\/wp\/v2\/product"}],"about":[{"href":"https:\/\/melanybrown.com\/en\/wp-json\/wp\/v2\/types\/product"}],"replies":[{"embeddable":true,"href":"https:\/\/melanybrown.com\/en\/wp-json\/wp\/v2\/comments?post=74862"}],"wp:featuredmedia":[{"embeddable":true,"href":"https:\/\/melanybrown.com\/en\/wp-json\/wp\/v2\/media\/74863"}],"wp:attachment":[{"href":"https:\/\/melanybrown.com\/en\/wp-json\/wp\/v2\/media?parent=74862"}],"wp:term":[{"taxonomy":"product_brand","embeddable":true,"href":"https:\/\/melanybrown.com\/en\/wp-json\/wp\/v2\/product_brand?post=74862"},{"taxonomy":"product_cat","embeddable":true,"href":"https:\/\/melanybrown.com\/en\/wp-json\/wp\/v2\/product_cat?post=74862"},{"taxonomy":"product_tag","embeddable":true,"href":"https:\/\/melanybrown.com\/en\/wp-json\/wp\/v2\/product_tag?post=74862"}],"curies":[{"name":"wp","href":"https:\/\/api.w.org\/{rel}","templated":true}]}}