{"id":74948,"date":"2025-03-24T21:37:25","date_gmt":"2025-03-24T21:37:25","guid":{"rendered":"https:\/\/melanybrown.com\/product\/portefeuille-koala-noir\/"},"modified":"2025-06-26T22:03:50","modified_gmt":"2025-06-26T22:03:50","slug":"portefeuille-koala-noir","status":"publish","type":"product","link":"https:\/\/melanybrown.com\/en\/portefeuille-koala-noir\/","title":{"rendered":"Portefeuille KOALA Noir"},"content":{"rendered":"","protected":false},"excerpt":{"rendered":"<p>On aime la texture grain\u00e9e de ce portefeuille \u00e0 la forme g\u00e9om\u00e9trique matelass\u00e9 tr\u00e8s chic. Dot\u00e9 de plusieurs compartiments \u00e0 carte, il est l\u00e9ger et pratique et se ferme gr\u00e2ce \u00e0 un zip. Un accessoire qui ne quittera plus votre sac \u00e0 main!<\/p>","protected":false},"featured_media":74949,"comment_status":"open","ping_status":"open","template":"","meta":[],"product_brand":[],"product_cat":[242,371],"product_tag":[],"class_list":{"0":"post-74948","1":"product","2":"type-product","3":"status-publish","4":"has-post-thumbnail","6":"product_cat-accessoires","7":"product_cat-portefeuilles","9":"first","10":"instock","11":"sale","12":"taxable","13":"shipping-taxable","14":"purchasable","15":"product-type-simple"},"_links":{"self":[{"href":"https:\/\/melanybrown.com\/en\/wp-json\/wp\/v2\/product\/74948","targetHints":{"allow":["GET"]}}],"collection":[{"href":"https:\/\/melanybrown.com\/en\/wp-json\/wp\/v2\/product"}],"about":[{"href":"https:\/\/melanybrown.com\/en\/wp-json\/wp\/v2\/types\/product"}],"replies":[{"embeddable":true,"href":"https:\/\/melanybrown.com\/en\/wp-json\/wp\/v2\/comments?post=74948"}],"wp:featuredmedia":[{"embeddable":true,"href":"https:\/\/melanybrown.com\/en\/wp-json\/wp\/v2\/media\/74949"}],"wp:attachment":[{"href":"https:\/\/melanybrown.com\/en\/wp-json\/wp\/v2\/media?parent=74948"}],"wp:term":[{"taxonomy":"product_brand","embeddable":true,"href":"https:\/\/melanybrown.com\/en\/wp-json\/wp\/v2\/product_brand?post=74948"},{"taxonomy":"product_cat","embeddable":true,"href":"https:\/\/melanybrown.com\/en\/wp-json\/wp\/v2\/product_cat?post=74948"},{"taxonomy":"product_tag","embeddable":true,"href":"https:\/\/melanybrown.com\/en\/wp-json\/wp\/v2\/product_tag?post=74948"}],"curies":[{"name":"wp","href":"https:\/\/api.w.org\/{rel}","templated":true}]}}