{"id":75375,"date":"2025-03-24T21:39:57","date_gmt":"2025-03-24T21:39:57","guid":{"rendered":"https:\/\/melanybrown.com\/product\/sandales-katy-argent\/"},"modified":"2025-09-01T15:50:26","modified_gmt":"2025-09-01T15:50:26","slug":"sandales-katy-argent","status":"publish","type":"product","link":"https:\/\/melanybrown.com\/en\/sandales-katy-argent\/","title":{"rendered":"Sandales KATY Argent"},"content":{"rendered":"","protected":false},"excerpt":{"rendered":"<p>Une allure tr\u00e8s luxe se d\u00e9gage de cette paire de sandales plateformes dot\u00e9es de brides entrelac\u00e9es en n\u0153ud sur le devant et de lani\u00e8res autour de la cheville. Un mod\u00e8le juch\u00e9 sur des talons bloc de 12cm tr\u00e8s confortables qui sera la pi\u00e8ce maitresse de votre look!<\/p>","protected":false},"featured_media":75376,"comment_status":"open","ping_status":"open","template":"","meta":[],"product_brand":[],"product_cat":[405,406],"product_tag":[],"class_list":{"0":"post-75375","1":"product","2":"type-product","3":"status-publish","4":"has-post-thumbnail","6":"product_cat-chaussures","7":"product_cat-chaussures-a-talons","9":"first","10":"instock","11":"taxable","12":"shipping-taxable","13":"purchasable","14":"product-type-variable","15":"has-default-attributes"},"_links":{"self":[{"href":"https:\/\/melanybrown.com\/en\/wp-json\/wp\/v2\/product\/75375","targetHints":{"allow":["GET"]}}],"collection":[{"href":"https:\/\/melanybrown.com\/en\/wp-json\/wp\/v2\/product"}],"about":[{"href":"https:\/\/melanybrown.com\/en\/wp-json\/wp\/v2\/types\/product"}],"replies":[{"embeddable":true,"href":"https:\/\/melanybrown.com\/en\/wp-json\/wp\/v2\/comments?post=75375"}],"wp:featuredmedia":[{"embeddable":true,"href":"https:\/\/melanybrown.com\/en\/wp-json\/wp\/v2\/media\/75376"}],"wp:attachment":[{"href":"https:\/\/melanybrown.com\/en\/wp-json\/wp\/v2\/media?parent=75375"}],"wp:term":[{"taxonomy":"product_brand","embeddable":true,"href":"https:\/\/melanybrown.com\/en\/wp-json\/wp\/v2\/product_brand?post=75375"},{"taxonomy":"product_cat","embeddable":true,"href":"https:\/\/melanybrown.com\/en\/wp-json\/wp\/v2\/product_cat?post=75375"},{"taxonomy":"product_tag","embeddable":true,"href":"https:\/\/melanybrown.com\/en\/wp-json\/wp\/v2\/product_tag?post=75375"}],"curies":[{"name":"wp","href":"https:\/\/api.w.org\/{rel}","templated":true}]}}