{"id":75403,"date":"2025-03-24T21:40:29","date_gmt":"2025-03-24T21:40:29","guid":{"rendered":"https:\/\/melanybrown.com\/product\/sandales-leslie-bleu\/"},"modified":"2026-04-03T11:23:00","modified_gmt":"2026-04-03T11:23:00","slug":"sandales-leslie-bleu","status":"publish","type":"product","link":"https:\/\/melanybrown.com\/en\/sandales-leslie-bleu\/","title":{"rendered":"Sandales LESLIE Bleu"},"content":{"rendered":"","protected":false},"excerpt":{"rendered":"<p>On adore ce mod\u00e8le de sandales plates et confortables qui se ferment gr\u00e2ce \u00e0 un scratch. Fabriqu\u00e9es en tissu jean, elles sont dot\u00e9es de semelles confortables et orn\u00e9es de pierres et sont parfaites pour l\u2019\u00e9t\u00e9, \u00e0 porter sans arr\u00eat!<\/p>","protected":false},"featured_media":75404,"comment_status":"open","ping_status":"closed","template":"","meta":[],"product_brand":[],"product_cat":[405,421],"product_tag":[],"class_list":{"0":"post-75403","1":"product","2":"type-product","3":"status-publish","4":"has-post-thumbnail","6":"product_cat-chaussures","7":"product_cat-chaussures-plates","9":"first","10":"instock","11":"sale","12":"taxable","13":"shipping-taxable","14":"purchasable","15":"product-type-variable","16":"has-default-attributes"},"_links":{"self":[{"href":"https:\/\/melanybrown.com\/en\/wp-json\/wp\/v2\/product\/75403","targetHints":{"allow":["GET"]}}],"collection":[{"href":"https:\/\/melanybrown.com\/en\/wp-json\/wp\/v2\/product"}],"about":[{"href":"https:\/\/melanybrown.com\/en\/wp-json\/wp\/v2\/types\/product"}],"replies":[{"embeddable":true,"href":"https:\/\/melanybrown.com\/en\/wp-json\/wp\/v2\/comments?post=75403"}],"wp:featuredmedia":[{"embeddable":true,"href":"https:\/\/melanybrown.com\/en\/wp-json\/wp\/v2\/media\/75404"}],"wp:attachment":[{"href":"https:\/\/melanybrown.com\/en\/wp-json\/wp\/v2\/media?parent=75403"}],"wp:term":[{"taxonomy":"product_brand","embeddable":true,"href":"https:\/\/melanybrown.com\/en\/wp-json\/wp\/v2\/product_brand?post=75403"},{"taxonomy":"product_cat","embeddable":true,"href":"https:\/\/melanybrown.com\/en\/wp-json\/wp\/v2\/product_cat?post=75403"},{"taxonomy":"product_tag","embeddable":true,"href":"https:\/\/melanybrown.com\/en\/wp-json\/wp\/v2\/product_tag?post=75403"}],"curies":[{"name":"wp","href":"https:\/\/api.w.org\/{rel}","templated":true}]}}