{"id":75638,"date":"2025-03-24T21:49:23","date_gmt":"2025-03-24T21:49:23","guid":{"rendered":"https:\/\/melanybrown.com\/product\/sandales-mallory-argent\/"},"modified":"2025-12-27T14:07:23","modified_gmt":"2025-12-27T14:07:23","slug":"sandales-mallory-argent","status":"publish","type":"product","link":"https:\/\/melanybrown.com\/en\/sandales-mallory-argent\/","title":{"rendered":"Sandales MALLORY Argent"},"content":{"rendered":"","protected":false},"excerpt":{"rendered":"<p>Une allure tr\u00e8s luxe se d\u00e9gage de ces sandales \u00e0 bout pointu ferm\u00e9, d\u00e9clin\u00e9es dans des couleurs m\u00e9tallis\u00e9es. Un mod\u00e8le juch\u00e9 sur des talons aiguilles de 8cm tr\u00e8s confortables qui sera la pi\u00e8ce maitresse de votre look! Talon: 10cm<\/p>","protected":false},"featured_media":75639,"comment_status":"open","ping_status":"open","template":"","meta":[],"product_brand":[],"product_cat":[405,406],"product_tag":[],"class_list":{"0":"post-75638","1":"product","2":"type-product","3":"status-publish","4":"has-post-thumbnail","6":"product_cat-chaussures","7":"product_cat-chaussures-a-talons","9":"first","10":"instock","11":"sale","12":"taxable","13":"shipping-taxable","14":"purchasable","15":"product-type-variable","16":"has-default-attributes"},"_links":{"self":[{"href":"https:\/\/melanybrown.com\/en\/wp-json\/wp\/v2\/product\/75638","targetHints":{"allow":["GET"]}}],"collection":[{"href":"https:\/\/melanybrown.com\/en\/wp-json\/wp\/v2\/product"}],"about":[{"href":"https:\/\/melanybrown.com\/en\/wp-json\/wp\/v2\/types\/product"}],"replies":[{"embeddable":true,"href":"https:\/\/melanybrown.com\/en\/wp-json\/wp\/v2\/comments?post=75638"}],"wp:featuredmedia":[{"embeddable":true,"href":"https:\/\/melanybrown.com\/en\/wp-json\/wp\/v2\/media\/75639"}],"wp:attachment":[{"href":"https:\/\/melanybrown.com\/en\/wp-json\/wp\/v2\/media?parent=75638"}],"wp:term":[{"taxonomy":"product_brand","embeddable":true,"href":"https:\/\/melanybrown.com\/en\/wp-json\/wp\/v2\/product_brand?post=75638"},{"taxonomy":"product_cat","embeddable":true,"href":"https:\/\/melanybrown.com\/en\/wp-json\/wp\/v2\/product_cat?post=75638"},{"taxonomy":"product_tag","embeddable":true,"href":"https:\/\/melanybrown.com\/en\/wp-json\/wp\/v2\/product_tag?post=75638"}],"curies":[{"name":"wp","href":"https:\/\/api.w.org\/{rel}","templated":true}]}}