{"id":75823,"date":"2025-03-24T21:58:20","date_gmt":"2025-03-24T21:58:20","guid":{"rendered":"https:\/\/melanybrown.com\/product\/sandales-mandy-blanc\/"},"modified":"2025-11-30T15:03:05","modified_gmt":"2025-11-30T15:03:05","slug":"sandales-mandy-blanc","status":"publish","type":"product","link":"https:\/\/melanybrown.com\/en\/sandales-mandy-blanc\/","title":{"rendered":"Sandales MANDY Blanc"},"content":{"rendered":"","protected":false},"excerpt":{"rendered":"<p>Gros coup de c\u0153ur pour ces mules plates en fausse fourrure d\u00e9clin\u00e9es dans des coloris pastels pour infuser une note glamour \u00e0 votre tenue et r\u00e9chauffer vos petits pieds. Dot\u00e9es de 2 larges brides parall\u00e8les, elles enveloppent le pied et assurent un bon maintien et suivront chacun de vos pas tout en vous procurant un confort absolu.<\/p>","protected":false},"featured_media":75824,"comment_status":"open","ping_status":"open","template":"","meta":[],"product_brand":[],"product_cat":[405,421],"product_tag":[],"class_list":{"0":"post-75823","1":"product","2":"type-product","3":"status-publish","4":"has-post-thumbnail","6":"product_cat-chaussures","7":"product_cat-chaussures-plates","9":"first","10":"instock","11":"sale","12":"taxable","13":"shipping-taxable","14":"purchasable","15":"product-type-variable","16":"has-default-attributes"},"_links":{"self":[{"href":"https:\/\/melanybrown.com\/en\/wp-json\/wp\/v2\/product\/75823","targetHints":{"allow":["GET"]}}],"collection":[{"href":"https:\/\/melanybrown.com\/en\/wp-json\/wp\/v2\/product"}],"about":[{"href":"https:\/\/melanybrown.com\/en\/wp-json\/wp\/v2\/types\/product"}],"replies":[{"embeddable":true,"href":"https:\/\/melanybrown.com\/en\/wp-json\/wp\/v2\/comments?post=75823"}],"wp:featuredmedia":[{"embeddable":true,"href":"https:\/\/melanybrown.com\/en\/wp-json\/wp\/v2\/media\/75824"}],"wp:attachment":[{"href":"https:\/\/melanybrown.com\/en\/wp-json\/wp\/v2\/media?parent=75823"}],"wp:term":[{"taxonomy":"product_brand","embeddable":true,"href":"https:\/\/melanybrown.com\/en\/wp-json\/wp\/v2\/product_brand?post=75823"},{"taxonomy":"product_cat","embeddable":true,"href":"https:\/\/melanybrown.com\/en\/wp-json\/wp\/v2\/product_cat?post=75823"},{"taxonomy":"product_tag","embeddable":true,"href":"https:\/\/melanybrown.com\/en\/wp-json\/wp\/v2\/product_tag?post=75823"}],"curies":[{"name":"wp","href":"https:\/\/api.w.org\/{rel}","templated":true}]}}