{"id":76017,"date":"2025-03-24T22:10:20","date_gmt":"2025-03-24T22:10:20","guid":{"rendered":"https:\/\/melanybrown.com\/product\/sandales-lolita-noir\/"},"modified":"2026-03-20T23:27:58","modified_gmt":"2026-03-20T23:27:58","slug":"sandales-lolita-or","status":"publish","type":"product","link":"https:\/\/melanybrown.com\/en\/sandales-lolita-or\/","title":{"rendered":"Sandales LOLITA Or"},"content":{"rendered":"","protected":false},"excerpt":{"rendered":"<p>La mule est \u00e0 l&#8217;honneur cette saison avec ce mod\u00e8le \u00e0 lani\u00e8res m\u00e9tallis\u00e9 en simili cuir. Dot\u00e9 d&#8217;un talon carr\u00e9 tr\u00e8s confortable, ce mod\u00e8le polyvalent pourra aussi bien accompagner une tenue de soir\u00e9e qu&#8217;un jean court en journ\u00e9e!<\/p>","protected":false},"featured_media":76802,"comment_status":"open","ping_status":"open","template":"","meta":[],"product_brand":[],"product_cat":[405,406],"product_tag":[],"class_list":{"0":"post-76017","1":"product","2":"type-product","3":"status-publish","4":"has-post-thumbnail","6":"product_cat-chaussures","7":"product_cat-chaussures-a-talons","9":"first","10":"instock","11":"sale","12":"taxable","13":"shipping-taxable","14":"purchasable","15":"product-type-variable","16":"has-default-attributes"},"_links":{"self":[{"href":"https:\/\/melanybrown.com\/en\/wp-json\/wp\/v2\/product\/76017","targetHints":{"allow":["GET"]}}],"collection":[{"href":"https:\/\/melanybrown.com\/en\/wp-json\/wp\/v2\/product"}],"about":[{"href":"https:\/\/melanybrown.com\/en\/wp-json\/wp\/v2\/types\/product"}],"replies":[{"embeddable":true,"href":"https:\/\/melanybrown.com\/en\/wp-json\/wp\/v2\/comments?post=76017"}],"wp:featuredmedia":[{"embeddable":true,"href":"https:\/\/melanybrown.com\/en\/wp-json\/wp\/v2\/media\/76802"}],"wp:attachment":[{"href":"https:\/\/melanybrown.com\/en\/wp-json\/wp\/v2\/media?parent=76017"}],"wp:term":[{"taxonomy":"product_brand","embeddable":true,"href":"https:\/\/melanybrown.com\/en\/wp-json\/wp\/v2\/product_brand?post=76017"},{"taxonomy":"product_cat","embeddable":true,"href":"https:\/\/melanybrown.com\/en\/wp-json\/wp\/v2\/product_cat?post=76017"},{"taxonomy":"product_tag","embeddable":true,"href":"https:\/\/melanybrown.com\/en\/wp-json\/wp\/v2\/product_tag?post=76017"}],"curies":[{"name":"wp","href":"https:\/\/api.w.org\/{rel}","templated":true}]}}