{"id":76075,"date":"2025-03-24T22:11:58","date_gmt":"2025-03-24T22:11:58","guid":{"rendered":"https:\/\/melanybrown.com\/product\/sandales-reymina-noir\/"},"modified":"2025-06-27T10:18:39","modified_gmt":"2025-06-27T10:18:39","slug":"sandales-reymina-noir","status":"publish","type":"product","link":"https:\/\/melanybrown.com\/en\/sandales-reymina-noir\/","title":{"rendered":"Sandales REYMINA Noir"},"content":{"rendered":"","protected":false},"excerpt":{"rendered":"<p>On aime ces sandales \u00e0 surpiqures tr\u00e8s styl\u00e9es dot\u00e9es de semelles compens\u00e9es avec deux lani\u00e8res au dessus pour une bonne tenue de pied et avec un fermoir \u00e0 scratch sur le cot\u00e9 ajustable.<\/p>","protected":false},"featured_media":0,"comment_status":"open","ping_status":"open","template":"","meta":[],"product_brand":[],"product_cat":[405,406],"product_tag":[],"class_list":{"0":"post-76075","1":"product","2":"type-product","3":"status-publish","5":"product_cat-chaussures","6":"product_cat-chaussures-a-talons","8":"first","9":"outofstock","10":"sale","11":"taxable","12":"shipping-taxable","13":"purchasable","14":"product-type-variable","15":"has-default-attributes"},"_links":{"self":[{"href":"https:\/\/melanybrown.com\/en\/wp-json\/wp\/v2\/product\/76075","targetHints":{"allow":["GET"]}}],"collection":[{"href":"https:\/\/melanybrown.com\/en\/wp-json\/wp\/v2\/product"}],"about":[{"href":"https:\/\/melanybrown.com\/en\/wp-json\/wp\/v2\/types\/product"}],"replies":[{"embeddable":true,"href":"https:\/\/melanybrown.com\/en\/wp-json\/wp\/v2\/comments?post=76075"}],"wp:attachment":[{"href":"https:\/\/melanybrown.com\/en\/wp-json\/wp\/v2\/media?parent=76075"}],"wp:term":[{"taxonomy":"product_brand","embeddable":true,"href":"https:\/\/melanybrown.com\/en\/wp-json\/wp\/v2\/product_brand?post=76075"},{"taxonomy":"product_cat","embeddable":true,"href":"https:\/\/melanybrown.com\/en\/wp-json\/wp\/v2\/product_cat?post=76075"},{"taxonomy":"product_tag","embeddable":true,"href":"https:\/\/melanybrown.com\/en\/wp-json\/wp\/v2\/product_tag?post=76075"}],"curies":[{"name":"wp","href":"https:\/\/api.w.org\/{rel}","templated":true}]}}