{"id":76108,"date":"2025-03-24T22:13:31","date_gmt":"2025-03-24T22:13:31","guid":{"rendered":"https:\/\/melanybrown.com\/product\/chaussures-nova-bleu\/"},"modified":"2025-12-25T18:26:17","modified_gmt":"2025-12-25T18:26:17","slug":"chaussures-nova-bleu","status":"publish","type":"product","link":"https:\/\/melanybrown.com\/en\/chaussures-nova-bleu\/","title":{"rendered":"Chaussures NOVA Bleu"},"content":{"rendered":"","protected":false},"excerpt":{"rendered":"<p>On craque pour ces espadrilles en toile tiss\u00e9e tout en simplicit\u00e9 et \u00e9l\u00e9gance. Elle sont dot\u00e9es de semelles en jute pour un confort de marche incomparable et une bonne tenue de pieds toute la journ\u00e9e!<\/p>","protected":false},"featured_media":76109,"comment_status":"open","ping_status":"open","template":"","meta":[],"product_brand":[],"product_cat":[405,421],"product_tag":[],"class_list":{"0":"post-76108","1":"product","2":"type-product","3":"status-publish","4":"has-post-thumbnail","6":"product_cat-chaussures","7":"product_cat-chaussures-plates","9":"first","10":"instock","11":"sale","12":"taxable","13":"shipping-taxable","14":"purchasable","15":"product-type-variable","16":"has-default-attributes"},"_links":{"self":[{"href":"https:\/\/melanybrown.com\/en\/wp-json\/wp\/v2\/product\/76108","targetHints":{"allow":["GET"]}}],"collection":[{"href":"https:\/\/melanybrown.com\/en\/wp-json\/wp\/v2\/product"}],"about":[{"href":"https:\/\/melanybrown.com\/en\/wp-json\/wp\/v2\/types\/product"}],"replies":[{"embeddable":true,"href":"https:\/\/melanybrown.com\/en\/wp-json\/wp\/v2\/comments?post=76108"}],"wp:featuredmedia":[{"embeddable":true,"href":"https:\/\/melanybrown.com\/en\/wp-json\/wp\/v2\/media\/76109"}],"wp:attachment":[{"href":"https:\/\/melanybrown.com\/en\/wp-json\/wp\/v2\/media?parent=76108"}],"wp:term":[{"taxonomy":"product_brand","embeddable":true,"href":"https:\/\/melanybrown.com\/en\/wp-json\/wp\/v2\/product_brand?post=76108"},{"taxonomy":"product_cat","embeddable":true,"href":"https:\/\/melanybrown.com\/en\/wp-json\/wp\/v2\/product_cat?post=76108"},{"taxonomy":"product_tag","embeddable":true,"href":"https:\/\/melanybrown.com\/en\/wp-json\/wp\/v2\/product_tag?post=76108"}],"curies":[{"name":"wp","href":"https:\/\/api.w.org\/{rel}","templated":true}]}}