{"id":76522,"date":"2025-03-24T22:04:34","date_gmt":"2025-03-24T22:04:34","guid":{"rendered":"https:\/\/melanybrown.com\/?post_type=product&#038;p=76522"},"modified":"2025-12-25T17:46:48","modified_gmt":"2025-12-25T17:46:48","slug":"chaussure-judy-argente","status":"publish","type":"product","link":"https:\/\/melanybrown.com\/en\/chaussure-judy-argente\/","title":{"rendered":"Chaussure JUDY Argent\u00e9"},"content":{"rendered":"","protected":false},"excerpt":{"rendered":"<p>Gros coup de coeur pour ces escarpins de f\u00eate d\u00e9clin\u00e9s dans des cuirs iris\u00e9es aux couleurs festives et orn\u00e9es de boucles avec cristaux pour apporter beaucoup de glamour \u00e0 vos tenues. Juch\u00e9es sur des talons aiguilles de 8cm tr\u00e8s confortables, elles seront la pi\u00e8ce ma\u00eetresse de votre look!<\/p>","protected":false},"featured_media":64718,"comment_status":"open","ping_status":"open","template":"","meta":[],"product_brand":[],"product_cat":[405,406],"product_tag":[],"class_list":{"0":"post-76522","1":"product","2":"type-product","3":"status-publish","4":"has-post-thumbnail","6":"product_cat-chaussures","7":"product_cat-chaussures-a-talons","9":"first","10":"instock","11":"sale","12":"taxable","13":"shipping-taxable","14":"purchasable","15":"product-type-variable"},"_links":{"self":[{"href":"https:\/\/melanybrown.com\/en\/wp-json\/wp\/v2\/product\/76522","targetHints":{"allow":["GET"]}}],"collection":[{"href":"https:\/\/melanybrown.com\/en\/wp-json\/wp\/v2\/product"}],"about":[{"href":"https:\/\/melanybrown.com\/en\/wp-json\/wp\/v2\/types\/product"}],"replies":[{"embeddable":true,"href":"https:\/\/melanybrown.com\/en\/wp-json\/wp\/v2\/comments?post=76522"}],"wp:featuredmedia":[{"embeddable":true,"href":"https:\/\/melanybrown.com\/en\/wp-json\/wp\/v2\/media\/64718"}],"wp:attachment":[{"href":"https:\/\/melanybrown.com\/en\/wp-json\/wp\/v2\/media?parent=76522"}],"wp:term":[{"taxonomy":"product_brand","embeddable":true,"href":"https:\/\/melanybrown.com\/en\/wp-json\/wp\/v2\/product_brand?post=76522"},{"taxonomy":"product_cat","embeddable":true,"href":"https:\/\/melanybrown.com\/en\/wp-json\/wp\/v2\/product_cat?post=76522"},{"taxonomy":"product_tag","embeddable":true,"href":"https:\/\/melanybrown.com\/en\/wp-json\/wp\/v2\/product_tag?post=76522"}],"curies":[{"name":"wp","href":"https:\/\/api.w.org\/{rel}","templated":true}]}}