{"id":77419,"date":"2025-06-26T21:50:33","date_gmt":"2025-06-26T21:50:33","guid":{"rendered":"https:\/\/melanybrown.com\/product\/sac-a-main-marlow-marron\/"},"modified":"2025-12-25T16:45:04","modified_gmt":"2025-12-25T16:45:04","slug":"sac-a-main-marlow-marron","status":"publish","type":"product","link":"https:\/\/melanybrown.com\/en\/sac-a-main-marlow-marron\/","title":{"rendered":"Sac \u00e0 main MARLOW Marron"},"content":{"rendered":"","protected":false},"excerpt":{"rendered":"<p>Tr\u00e8s joli cabas grand format en toile surmont\u00e9 de paillettes pour la petite touche glamour, il est dot\u00e9 de grandes anses pour un port\u00e9 \u00e9paule. Il dispose d&#8217;une grande trousse int\u00e9rieure pouvant \u00eatre port\u00e9e s\u00e9par\u00e9ment gr\u00e2ce \u00e0 une anse amovible. Son format XXL vous permettra d&#8217;emmener tout votre n\u00e9cessaire du quotidien et en fera le sac parfait pour les vir\u00e9es shopping entre copines<\/p>","protected":false},"featured_media":77420,"comment_status":"open","ping_status":"open","template":"","meta":[],"product_brand":[],"product_cat":[357,384],"product_tag":[],"class_list":{"0":"post-77419","1":"product","2":"type-product","3":"status-publish","4":"has-post-thumbnail","6":"product_cat-sacs","7":"product_cat-sacs-a-main","9":"first","10":"instock","11":"sale","12":"taxable","13":"shipping-taxable","14":"purchasable","15":"product-type-simple"},"_links":{"self":[{"href":"https:\/\/melanybrown.com\/en\/wp-json\/wp\/v2\/product\/77419","targetHints":{"allow":["GET"]}}],"collection":[{"href":"https:\/\/melanybrown.com\/en\/wp-json\/wp\/v2\/product"}],"about":[{"href":"https:\/\/melanybrown.com\/en\/wp-json\/wp\/v2\/types\/product"}],"replies":[{"embeddable":true,"href":"https:\/\/melanybrown.com\/en\/wp-json\/wp\/v2\/comments?post=77419"}],"wp:featuredmedia":[{"embeddable":true,"href":"https:\/\/melanybrown.com\/en\/wp-json\/wp\/v2\/media\/77420"}],"wp:attachment":[{"href":"https:\/\/melanybrown.com\/en\/wp-json\/wp\/v2\/media?parent=77419"}],"wp:term":[{"taxonomy":"product_brand","embeddable":true,"href":"https:\/\/melanybrown.com\/en\/wp-json\/wp\/v2\/product_brand?post=77419"},{"taxonomy":"product_cat","embeddable":true,"href":"https:\/\/melanybrown.com\/en\/wp-json\/wp\/v2\/product_cat?post=77419"},{"taxonomy":"product_tag","embeddable":true,"href":"https:\/\/melanybrown.com\/en\/wp-json\/wp\/v2\/product_tag?post=77419"}],"curies":[{"name":"wp","href":"https:\/\/api.w.org\/{rel}","templated":true}]}}