{"id":77435,"date":"2025-06-26T21:53:14","date_gmt":"2025-06-26T21:53:14","guid":{"rendered":"https:\/\/melanybrown.com\/product\/sandales-darcy-noir-2\/"},"modified":"2025-08-11T12:16:24","modified_gmt":"2025-08-11T12:16:24","slug":"sandales-darcy-noir-2","status":"publish","type":"product","link":"https:\/\/melanybrown.com\/en\/sandales-darcy-noir-2\/","title":{"rendered":"Sandales DARCY Noir"},"content":{"rendered":"","protected":false},"excerpt":{"rendered":"<p>On adore ces sandales plates ultra-confortables en silicone parfaites pour la plage et agr\u00e9ment\u00e9es de larges bandes dot\u00e9es de boucles m\u00e9talliques pour les ajuster autour du pied, elles sont l\u00e9g\u00e8res et la touche dor\u00e9e leur donne beaucoup de glamour!<\/p>","protected":false},"featured_media":76358,"comment_status":"open","ping_status":"open","template":"","meta":[],"product_brand":[],"product_cat":[405,421],"product_tag":[],"class_list":{"0":"post-77435","1":"product","2":"type-product","3":"status-publish","4":"has-post-thumbnail","6":"product_cat-chaussures","7":"product_cat-chaussures-plates","9":"first","10":"instock","11":"sale","12":"taxable","13":"shipping-taxable","14":"purchasable","15":"product-type-variable","16":"has-default-attributes"},"_links":{"self":[{"href":"https:\/\/melanybrown.com\/en\/wp-json\/wp\/v2\/product\/77435","targetHints":{"allow":["GET"]}}],"collection":[{"href":"https:\/\/melanybrown.com\/en\/wp-json\/wp\/v2\/product"}],"about":[{"href":"https:\/\/melanybrown.com\/en\/wp-json\/wp\/v2\/types\/product"}],"replies":[{"embeddable":true,"href":"https:\/\/melanybrown.com\/en\/wp-json\/wp\/v2\/comments?post=77435"}],"wp:featuredmedia":[{"embeddable":true,"href":"https:\/\/melanybrown.com\/en\/wp-json\/wp\/v2\/media\/76358"}],"wp:attachment":[{"href":"https:\/\/melanybrown.com\/en\/wp-json\/wp\/v2\/media?parent=77435"}],"wp:term":[{"taxonomy":"product_brand","embeddable":true,"href":"https:\/\/melanybrown.com\/en\/wp-json\/wp\/v2\/product_brand?post=77435"},{"taxonomy":"product_cat","embeddable":true,"href":"https:\/\/melanybrown.com\/en\/wp-json\/wp\/v2\/product_cat?post=77435"},{"taxonomy":"product_tag","embeddable":true,"href":"https:\/\/melanybrown.com\/en\/wp-json\/wp\/v2\/product_tag?post=77435"}],"curies":[{"name":"wp","href":"https:\/\/api.w.org\/{rel}","templated":true}]}}