{"id":78323,"date":"2026-05-11T21:34:22","date_gmt":"2026-05-11T21:34:22","guid":{"rendered":"https:\/\/melanybrown.com\/?post_type=product&#038;p=78323"},"modified":"2026-05-11T21:41:07","modified_gmt":"2026-05-11T21:41:07","slug":"sandales-miya-or-croco","status":"publish","type":"product","link":"https:\/\/melanybrown.com\/en\/sandales-miya-or-croco\/","title":{"rendered":"Sandales MIYA Or Croco"},"content":{"rendered":"<p>On adore ces jolies sandales \u00e0 talon bloc de 12cm port\u00e9es sur un plateau tr\u00e8s confortables. Elles sont \u00e0 bout ouvert sur le devant, elles enveloppent le pied pour un maintien parfait, elles sont d\u00e9clin\u00e9es dans des tons iris\u00e9s et sauront se faire indispensables \u00e0 vos pieds de jour comme de nuit<\/p>","protected":false},"excerpt":{"rendered":"<p>On adore ces jolies sandales \u00e0 talon bloc de 12cm port\u00e9es sur un plateau tr\u00e8s confortables. Elles sont \u00e0 bout ouvert sur le devant, elles enveloppent le pied pour un maintien parfait, elles sont d\u00e9clin\u00e9es dans des tons iris\u00e9s et sauront se faire indispensables \u00e0 vos pieds de jour comme de nuit<\/p>","protected":false},"featured_media":78330,"comment_status":"open","ping_status":"closed","template":"","meta":[],"product_brand":[],"product_cat":[405,406],"product_tag":[],"class_list":{"0":"post-78323","1":"product","2":"type-product","3":"status-publish","4":"has-post-thumbnail","6":"product_cat-chaussures","7":"product_cat-chaussures-a-talons","9":"first","10":"instock","11":"taxable","12":"shipping-taxable","13":"purchasable","14":"product-type-variable","15":"has-default-attributes"},"_links":{"self":[{"href":"https:\/\/melanybrown.com\/en\/wp-json\/wp\/v2\/product\/78323","targetHints":{"allow":["GET"]}}],"collection":[{"href":"https:\/\/melanybrown.com\/en\/wp-json\/wp\/v2\/product"}],"about":[{"href":"https:\/\/melanybrown.com\/en\/wp-json\/wp\/v2\/types\/product"}],"replies":[{"embeddable":true,"href":"https:\/\/melanybrown.com\/en\/wp-json\/wp\/v2\/comments?post=78323"}],"wp:featuredmedia":[{"embeddable":true,"href":"https:\/\/melanybrown.com\/en\/wp-json\/wp\/v2\/media\/78330"}],"wp:attachment":[{"href":"https:\/\/melanybrown.com\/en\/wp-json\/wp\/v2\/media?parent=78323"}],"wp:term":[{"taxonomy":"product_brand","embeddable":true,"href":"https:\/\/melanybrown.com\/en\/wp-json\/wp\/v2\/product_brand?post=78323"},{"taxonomy":"product_cat","embeddable":true,"href":"https:\/\/melanybrown.com\/en\/wp-json\/wp\/v2\/product_cat?post=78323"},{"taxonomy":"product_tag","embeddable":true,"href":"https:\/\/melanybrown.com\/en\/wp-json\/wp\/v2\/product_tag?post=78323"}],"curies":[{"name":"wp","href":"https:\/\/api.w.org\/{rel}","templated":true}]}}