{"id":41144,"date":"2025-03-24T21:37:08","date_gmt":"2025-03-24T21:37:08","guid":{"rendered":"https:\/\/melanybrown.com\/product\/pochette-pop-rouge\/"},"modified":"2025-06-26T22:03:36","modified_gmt":"2025-06-26T22:03:36","slug":"pochette-pop-rouge","status":"publish","type":"product","link":"https:\/\/melanybrown.com\/fr\/pochette-pop-rouge\/","title":{"rendered":"Pochette POP Rouge"},"content":{"rendered":"","protected":false},"excerpt":{"rendered":"<p>On aime les couleurs pop de ces jolies pochettes au cuir grain\u00e9 \u00e0 porter \u00e0 la main gr\u00e2ce \u00e0 une dragonne qui s&#8217;enroule autour du poignet. Elles se referment gr\u00e2ce \u00e0 un zip et seront tr\u00e8s pratiques au quotidien<\/p>\n","protected":false},"featured_media":41145,"comment_status":"open","ping_status":"open","template":"","meta":[],"product_brand":[],"product_cat":[358,357],"product_tag":[],"class_list":{"0":"post-41144","1":"product","2":"type-product","3":"status-publish","4":"has-post-thumbnail","6":"product_cat-pochettes","7":"product_cat-sacs","9":"first","10":"outofstock","11":"sale","12":"taxable","13":"shipping-taxable","14":"purchasable","15":"product-type-simple"},"_links":{"self":[{"href":"https:\/\/melanybrown.com\/fr\/wp-json\/wp\/v2\/product\/41144","targetHints":{"allow":["GET"]}}],"collection":[{"href":"https:\/\/melanybrown.com\/fr\/wp-json\/wp\/v2\/product"}],"about":[{"href":"https:\/\/melanybrown.com\/fr\/wp-json\/wp\/v2\/types\/product"}],"replies":[{"embeddable":true,"href":"https:\/\/melanybrown.com\/fr\/wp-json\/wp\/v2\/comments?post=41144"}],"wp:featuredmedia":[{"embeddable":true,"href":"https:\/\/melanybrown.com\/fr\/wp-json\/wp\/v2\/media\/41145"}],"wp:attachment":[{"href":"https:\/\/melanybrown.com\/fr\/wp-json\/wp\/v2\/media?parent=41144"}],"wp:term":[{"taxonomy":"product_brand","embeddable":true,"href":"https:\/\/melanybrown.com\/fr\/wp-json\/wp\/v2\/product_brand?post=41144"},{"taxonomy":"product_cat","embeddable":true,"href":"https:\/\/melanybrown.com\/fr\/wp-json\/wp\/v2\/product_cat?post=41144"},{"taxonomy":"product_tag","embeddable":true,"href":"https:\/\/melanybrown.com\/fr\/wp-json\/wp\/v2\/product_tag?post=41144"}],"curies":[{"name":"wp","href":"https:\/\/api.w.org\/{rel}","templated":true}]}}