{"id":41159,"date":"2025-03-24T21:37:13","date_gmt":"2025-03-24T21:37:13","guid":{"rendered":"https:\/\/melanybrown.com\/product\/pochette-anoushka-noir\/"},"modified":"2025-12-25T18:39:02","modified_gmt":"2025-12-25T18:39:02","slug":"pochette-anoushka-noir","status":"publish","type":"product","link":"https:\/\/melanybrown.com\/fr\/pochette-anoushka-noir\/","title":{"rendered":"Pochette ANOUSHKA Noir"},"content":{"rendered":"","protected":false},"excerpt":{"rendered":"<p>On est fan de ce sac en r\u00e9sille noire couvert de cristaux \u00e9tincelants qui en font presque un bijou. Tr\u00e8s souple, il pourra se porter \u00e0 la main ou en bandouli\u00e8re gr\u00e2ce \u00e0 sa longue chainette argent\u00e9e. Il sera sans aucun doute l&#8217;accessoire superstar de la soir\u00e9e<\/p>\n","protected":false},"featured_media":74832,"comment_status":"open","ping_status":"open","template":"","meta":[],"product_brand":[],"product_cat":[358,357],"product_tag":[],"class_list":{"0":"post-41159","1":"product","2":"type-product","3":"status-publish","4":"has-post-thumbnail","6":"product_cat-pochettes","7":"product_cat-sacs","9":"first","10":"instock","11":"sale","12":"taxable","13":"shipping-taxable","14":"purchasable","15":"product-type-simple"},"_links":{"self":[{"href":"https:\/\/melanybrown.com\/fr\/wp-json\/wp\/v2\/product\/41159","targetHints":{"allow":["GET"]}}],"collection":[{"href":"https:\/\/melanybrown.com\/fr\/wp-json\/wp\/v2\/product"}],"about":[{"href":"https:\/\/melanybrown.com\/fr\/wp-json\/wp\/v2\/types\/product"}],"replies":[{"embeddable":true,"href":"https:\/\/melanybrown.com\/fr\/wp-json\/wp\/v2\/comments?post=41159"}],"wp:featuredmedia":[{"embeddable":true,"href":"https:\/\/melanybrown.com\/fr\/wp-json\/wp\/v2\/media\/74832"}],"wp:attachment":[{"href":"https:\/\/melanybrown.com\/fr\/wp-json\/wp\/v2\/media?parent=41159"}],"wp:term":[{"taxonomy":"product_brand","embeddable":true,"href":"https:\/\/melanybrown.com\/fr\/wp-json\/wp\/v2\/product_brand?post=41159"},{"taxonomy":"product_cat","embeddable":true,"href":"https:\/\/melanybrown.com\/fr\/wp-json\/wp\/v2\/product_cat?post=41159"},{"taxonomy":"product_tag","embeddable":true,"href":"https:\/\/melanybrown.com\/fr\/wp-json\/wp\/v2\/product_tag?post=41159"}],"curies":[{"name":"wp","href":"https:\/\/api.w.org\/{rel}","templated":true}]}}