{"id":41178,"date":"2025-03-24T21:37:18","date_gmt":"2025-03-24T21:37:18","guid":{"rendered":"https:\/\/melanybrown.com\/product\/portefeuille-polka-bleu\/"},"modified":"2026-01-06T10:55:54","modified_gmt":"2026-01-06T10:55:54","slug":"portefeuille-polka-bleu","status":"publish","type":"product","link":"https:\/\/melanybrown.com\/fr\/portefeuille-polka-bleu\/","title":{"rendered":"Portefeuille POLKA Bleu"},"content":{"rendered":"","protected":false},"excerpt":{"rendered":"<p>On craque pour ce portefeuille \u00e0 la fois chic et pratique et fonctionnel. Fabriqu\u00e9 dans un simili cuir au style croco, il se referme via un rabat \u00e0 pression et dispose de plusieurs compartiments pour ranger vos cartes et billets. Vous ne pourrez plus le l\u00e2cher !<\/p>\n","protected":false},"featured_media":41179,"comment_status":"open","ping_status":"open","template":"","meta":[],"product_brand":[],"product_cat":[242,371],"product_tag":[],"class_list":{"0":"post-41178","1":"product","2":"type-product","3":"status-publish","4":"has-post-thumbnail","6":"product_cat-accessoires","7":"product_cat-portefeuilles","9":"first","10":"instock","11":"sale","12":"taxable","13":"shipping-taxable","14":"purchasable","15":"product-type-simple"},"_links":{"self":[{"href":"https:\/\/melanybrown.com\/fr\/wp-json\/wp\/v2\/product\/41178","targetHints":{"allow":["GET"]}}],"collection":[{"href":"https:\/\/melanybrown.com\/fr\/wp-json\/wp\/v2\/product"}],"about":[{"href":"https:\/\/melanybrown.com\/fr\/wp-json\/wp\/v2\/types\/product"}],"replies":[{"embeddable":true,"href":"https:\/\/melanybrown.com\/fr\/wp-json\/wp\/v2\/comments?post=41178"}],"wp:featuredmedia":[{"embeddable":true,"href":"https:\/\/melanybrown.com\/fr\/wp-json\/wp\/v2\/media\/41179"}],"wp:attachment":[{"href":"https:\/\/melanybrown.com\/fr\/wp-json\/wp\/v2\/media?parent=41178"}],"wp:term":[{"taxonomy":"product_brand","embeddable":true,"href":"https:\/\/melanybrown.com\/fr\/wp-json\/wp\/v2\/product_brand?post=41178"},{"taxonomy":"product_cat","embeddable":true,"href":"https:\/\/melanybrown.com\/fr\/wp-json\/wp\/v2\/product_cat?post=41178"},{"taxonomy":"product_tag","embeddable":true,"href":"https:\/\/melanybrown.com\/fr\/wp-json\/wp\/v2\/product_tag?post=41178"}],"curies":[{"name":"wp","href":"https:\/\/api.w.org\/{rel}","templated":true}]}}