{"id":41187,"date":"2025-03-24T21:37:18","date_gmt":"2025-03-24T21:37:18","guid":{"rendered":"https:\/\/melanybrown.com\/product\/portefeuille-lilly-beige\/"},"modified":"2025-06-26T22:03:43","modified_gmt":"2025-06-26T22:03:43","slug":"portefeuille-lilly-beige","status":"publish","type":"product","link":"https:\/\/melanybrown.com\/fr\/portefeuille-lilly-beige\/","title":{"rendered":"Portefeuille LILLY Beige"},"content":{"rendered":"","protected":false},"excerpt":{"rendered":"<p>On aime la texture grain\u00e9e de ce portefeuille \u00e0 la forme g\u00e9om\u00e9trique simple mais tr\u00e8s chic. Dot\u00e9 d&#8217;un porte-carte amovible \u00e0 l&#8217;int\u00e9rieur et d&#8217;un zip \u00e0 franges des plus styl\u00e9s. Un accessoire qui ne quittera plus votre sac \u00e0 main!<\/p>\n","protected":false},"featured_media":41188,"comment_status":"open","ping_status":"open","template":"","meta":[],"product_brand":[],"product_cat":[242,371],"product_tag":[],"class_list":{"0":"post-41187","1":"product","2":"type-product","3":"status-publish","4":"has-post-thumbnail","6":"product_cat-accessoires","7":"product_cat-portefeuilles","9":"first","10":"instock","11":"sale","12":"taxable","13":"shipping-taxable","14":"purchasable","15":"product-type-simple"},"_links":{"self":[{"href":"https:\/\/melanybrown.com\/fr\/wp-json\/wp\/v2\/product\/41187","targetHints":{"allow":["GET"]}}],"collection":[{"href":"https:\/\/melanybrown.com\/fr\/wp-json\/wp\/v2\/product"}],"about":[{"href":"https:\/\/melanybrown.com\/fr\/wp-json\/wp\/v2\/types\/product"}],"replies":[{"embeddable":true,"href":"https:\/\/melanybrown.com\/fr\/wp-json\/wp\/v2\/comments?post=41187"}],"wp:featuredmedia":[{"embeddable":true,"href":"https:\/\/melanybrown.com\/fr\/wp-json\/wp\/v2\/media\/41188"}],"wp:attachment":[{"href":"https:\/\/melanybrown.com\/fr\/wp-json\/wp\/v2\/media?parent=41187"}],"wp:term":[{"taxonomy":"product_brand","embeddable":true,"href":"https:\/\/melanybrown.com\/fr\/wp-json\/wp\/v2\/product_brand?post=41187"},{"taxonomy":"product_cat","embeddable":true,"href":"https:\/\/melanybrown.com\/fr\/wp-json\/wp\/v2\/product_cat?post=41187"},{"taxonomy":"product_tag","embeddable":true,"href":"https:\/\/melanybrown.com\/fr\/wp-json\/wp\/v2\/product_tag?post=41187"}],"curies":[{"name":"wp","href":"https:\/\/api.w.org\/{rel}","templated":true}]}}