{"id":41204,"date":"2025-03-24T21:37:23","date_gmt":"2025-03-24T21:37:23","guid":{"rendered":"https:\/\/melanybrown.com\/product\/portefeuille-santa-bronze\/"},"modified":"2026-01-06T10:55:54","modified_gmt":"2026-01-06T10:55:54","slug":"portefeuille-santa-bronze","status":"publish","type":"product","link":"https:\/\/melanybrown.com\/fr\/portefeuille-santa-bronze\/","title":{"rendered":"Portefeuille SANTA Bronze"},"content":{"rendered":"","protected":false},"excerpt":{"rendered":"<p>Cet \u00e9l\u00e9gant portefeuille \u00e0 la texture iris\u00e9 et au lettrage dor\u00e9, pouvant se porter \u00e0 la main comme \u00e0 l&#8217;int\u00e9rieur du sac se referme via une fermeture \u00e9clair et comporte plusieurs compartiment \u00e0 carte et \u00e0 monnaie. Glamour jusqu&#8217;au bout !<\/p>\n","protected":false},"featured_media":41205,"comment_status":"open","ping_status":"open","template":"","meta":[],"product_brand":[],"product_cat":[242,371],"product_tag":[],"class_list":{"0":"post-41204","1":"product","2":"type-product","3":"status-publish","4":"has-post-thumbnail","6":"product_cat-accessoires","7":"product_cat-portefeuilles","9":"first","10":"instock","11":"sale","12":"taxable","13":"shipping-taxable","14":"purchasable","15":"product-type-simple"},"_links":{"self":[{"href":"https:\/\/melanybrown.com\/fr\/wp-json\/wp\/v2\/product\/41204","targetHints":{"allow":["GET"]}}],"collection":[{"href":"https:\/\/melanybrown.com\/fr\/wp-json\/wp\/v2\/product"}],"about":[{"href":"https:\/\/melanybrown.com\/fr\/wp-json\/wp\/v2\/types\/product"}],"replies":[{"embeddable":true,"href":"https:\/\/melanybrown.com\/fr\/wp-json\/wp\/v2\/comments?post=41204"}],"wp:featuredmedia":[{"embeddable":true,"href":"https:\/\/melanybrown.com\/fr\/wp-json\/wp\/v2\/media\/41205"}],"wp:attachment":[{"href":"https:\/\/melanybrown.com\/fr\/wp-json\/wp\/v2\/media?parent=41204"}],"wp:term":[{"taxonomy":"product_brand","embeddable":true,"href":"https:\/\/melanybrown.com\/fr\/wp-json\/wp\/v2\/product_brand?post=41204"},{"taxonomy":"product_cat","embeddable":true,"href":"https:\/\/melanybrown.com\/fr\/wp-json\/wp\/v2\/product_cat?post=41204"},{"taxonomy":"product_tag","embeddable":true,"href":"https:\/\/melanybrown.com\/fr\/wp-json\/wp\/v2\/product_tag?post=41204"}],"curies":[{"name":"wp","href":"https:\/\/api.w.org\/{rel}","templated":true}]}}