{"id":41341,"date":"2025-03-24T21:37:46","date_gmt":"2025-03-24T21:37:46","guid":{"rendered":"https:\/\/melanybrown.com\/product\/sac-a-main-blake-blanc\/"},"modified":"2025-06-26T22:04:05","modified_gmt":"2025-06-26T22:04:05","slug":"sac-ceinture-blake-blanc","status":"publish","type":"product","link":"https:\/\/melanybrown.com\/fr\/sac-ceinture-blake-blanc\/","title":{"rendered":"Sac ceinture BLAKE Blanc"},"content":{"rendered":"","protected":false},"excerpt":{"rendered":"<p>On jette sans plus attendre son d\u00e9volu sur ce sac\/ceinture ultra-styl\u00e9 avec ses d\u00e9tails m\u00e9talliques dor\u00e9s! Dot\u00e9 d&#8217;un fermoir \u00e0 clip et d&#8217;une longue anse m\u00e9tallique, il se porte d\u00e9contract\u00e9 autour de la taille ou \u00e0 l&#8217;\u00e9paule selon l&#8217;humeur!<\/p>\n","protected":false},"featured_media":41342,"comment_status":"open","ping_status":"open","template":"","meta":[],"product_brand":[],"product_cat":[357,384],"product_tag":[],"class_list":{"0":"post-41341","1":"product","2":"type-product","3":"status-publish","4":"has-post-thumbnail","6":"product_cat-sacs","7":"product_cat-sacs-a-main","9":"first","10":"instock","11":"sale","12":"taxable","13":"shipping-taxable","14":"purchasable","15":"product-type-simple"},"_links":{"self":[{"href":"https:\/\/melanybrown.com\/fr\/wp-json\/wp\/v2\/product\/41341","targetHints":{"allow":["GET"]}}],"collection":[{"href":"https:\/\/melanybrown.com\/fr\/wp-json\/wp\/v2\/product"}],"about":[{"href":"https:\/\/melanybrown.com\/fr\/wp-json\/wp\/v2\/types\/product"}],"replies":[{"embeddable":true,"href":"https:\/\/melanybrown.com\/fr\/wp-json\/wp\/v2\/comments?post=41341"}],"wp:featuredmedia":[{"embeddable":true,"href":"https:\/\/melanybrown.com\/fr\/wp-json\/wp\/v2\/media\/41342"}],"wp:attachment":[{"href":"https:\/\/melanybrown.com\/fr\/wp-json\/wp\/v2\/media?parent=41341"}],"wp:term":[{"taxonomy":"product_brand","embeddable":true,"href":"https:\/\/melanybrown.com\/fr\/wp-json\/wp\/v2\/product_brand?post=41341"},{"taxonomy":"product_cat","embeddable":true,"href":"https:\/\/melanybrown.com\/fr\/wp-json\/wp\/v2\/product_cat?post=41341"},{"taxonomy":"product_tag","embeddable":true,"href":"https:\/\/melanybrown.com\/fr\/wp-json\/wp\/v2\/product_tag?post=41341"}],"curies":[{"name":"wp","href":"https:\/\/api.w.org\/{rel}","templated":true}]}}