{"id":41427,"date":"2025-03-24T21:38:08","date_gmt":"2025-03-24T21:38:08","guid":{"rendered":"https:\/\/melanybrown.com\/product\/sac-a-main-enzo-noir\/"},"modified":"2025-06-26T22:04:13","modified_gmt":"2025-06-26T22:04:13","slug":"sac-a-main-enzo-noir","status":"publish","type":"product","link":"https:\/\/melanybrown.com\/fr\/sac-a-main-enzo-noir\/","title":{"rendered":"Sac \u00e0 main ENZO Noir"},"content":{"rendered":"","protected":false},"excerpt":{"rendered":"<p>Un mod\u00e8le ultra-chic et un style r\u00e9tro pour un sac qui accompagnera vos tenues avec beaucoup d\u2019allure. Il comporte deux types de bandouli\u00e8res. Fabriqu\u00e9 en simili cuir et dot\u00e9 d\u2019un fermoir m\u00e9tallique qui lui conf\u00e8re une touche de glamour, il peut se porter \u00e0 l\u2019\u00e9paule ou en bandouli\u00e8re gr\u00e2ce \u00e0 son anse m\u00e9tallique amovible.<\/p>\n","protected":false},"featured_media":42869,"comment_status":"open","ping_status":"open","template":"","meta":[],"product_brand":[],"product_cat":[357,384],"product_tag":[],"class_list":{"0":"post-41427","1":"product","2":"type-product","3":"status-publish","4":"has-post-thumbnail","6":"product_cat-sacs","7":"product_cat-sacs-a-main","9":"first","10":"outofstock","11":"taxable","12":"shipping-taxable","13":"purchasable","14":"product-type-simple"},"_links":{"self":[{"href":"https:\/\/melanybrown.com\/fr\/wp-json\/wp\/v2\/product\/41427","targetHints":{"allow":["GET"]}}],"collection":[{"href":"https:\/\/melanybrown.com\/fr\/wp-json\/wp\/v2\/product"}],"about":[{"href":"https:\/\/melanybrown.com\/fr\/wp-json\/wp\/v2\/types\/product"}],"replies":[{"embeddable":true,"href":"https:\/\/melanybrown.com\/fr\/wp-json\/wp\/v2\/comments?post=41427"}],"wp:featuredmedia":[{"embeddable":true,"href":"https:\/\/melanybrown.com\/fr\/wp-json\/wp\/v2\/media\/42869"}],"wp:attachment":[{"href":"https:\/\/melanybrown.com\/fr\/wp-json\/wp\/v2\/media?parent=41427"}],"wp:term":[{"taxonomy":"product_brand","embeddable":true,"href":"https:\/\/melanybrown.com\/fr\/wp-json\/wp\/v2\/product_brand?post=41427"},{"taxonomy":"product_cat","embeddable":true,"href":"https:\/\/melanybrown.com\/fr\/wp-json\/wp\/v2\/product_cat?post=41427"},{"taxonomy":"product_tag","embeddable":true,"href":"https:\/\/melanybrown.com\/fr\/wp-json\/wp\/v2\/product_tag?post=41427"}],"curies":[{"name":"wp","href":"https:\/\/api.w.org\/{rel}","templated":true}]}}