{"id":41695,"date":"2025-03-24T21:38:21","date_gmt":"2025-03-24T21:38:21","guid":{"rendered":"https:\/\/melanybrown.com\/product\/boucles-doreille-015\/"},"modified":"2025-06-26T22:04:26","modified_gmt":"2025-06-26T22:04:26","slug":"boucles-doreille-015","status":"publish","type":"product","link":"https:\/\/melanybrown.com\/fr\/boucles-doreille-015\/","title":{"rendered":"Boucles d&#8217;oreille 015"},"content":{"rendered":"","protected":false},"excerpt":{"rendered":"<p>On adore ces superbes boucles d&#8217;oreille incrust\u00e9es de zirconium, pierres et strass. Elles pourront \u00eatre port\u00e9es de jour comme de nuit et mettront en valeur votre visage<\/p>\n","protected":false},"featured_media":48232,"comment_status":"open","ping_status":"open","template":"","meta":[],"product_brand":[],"product_cat":[433,439],"product_tag":[],"class_list":{"0":"post-41695","1":"product","2":"type-product","3":"status-publish","4":"has-post-thumbnail","6":"product_cat-bijoux","7":"product_cat-boucles-doreilles","9":"first","10":"instock","11":"sale","12":"taxable","13":"shipping-taxable","14":"purchasable","15":"product-type-simple"},"_links":{"self":[{"href":"https:\/\/melanybrown.com\/fr\/wp-json\/wp\/v2\/product\/41695","targetHints":{"allow":["GET"]}}],"collection":[{"href":"https:\/\/melanybrown.com\/fr\/wp-json\/wp\/v2\/product"}],"about":[{"href":"https:\/\/melanybrown.com\/fr\/wp-json\/wp\/v2\/types\/product"}],"replies":[{"embeddable":true,"href":"https:\/\/melanybrown.com\/fr\/wp-json\/wp\/v2\/comments?post=41695"}],"wp:featuredmedia":[{"embeddable":true,"href":"https:\/\/melanybrown.com\/fr\/wp-json\/wp\/v2\/media\/48232"}],"wp:attachment":[{"href":"https:\/\/melanybrown.com\/fr\/wp-json\/wp\/v2\/media?parent=41695"}],"wp:term":[{"taxonomy":"product_brand","embeddable":true,"href":"https:\/\/melanybrown.com\/fr\/wp-json\/wp\/v2\/product_brand?post=41695"},{"taxonomy":"product_cat","embeddable":true,"href":"https:\/\/melanybrown.com\/fr\/wp-json\/wp\/v2\/product_cat?post=41695"},{"taxonomy":"product_tag","embeddable":true,"href":"https:\/\/melanybrown.com\/fr\/wp-json\/wp\/v2\/product_tag?post=41695"}],"curies":[{"name":"wp","href":"https:\/\/api.w.org\/{rel}","templated":true}]}}