{"id":41872,"date":"2023-10-28T16:57:19","date_gmt":"2023-10-28T16:57:19","guid":{"rendered":"https:\/\/melanybrown.com\/product\/sandales-katy-noir\/"},"modified":"2023-12-28T21:33:24","modified_gmt":"2023-12-28T21:33:24","slug":"sandales-katy-noir","status":"publish","type":"product","link":"https:\/\/melanybrown.com\/fr\/sandales-katy-noir\/","title":{"rendered":"Sandales KATY Noir"},"content":{"rendered":"","protected":false},"excerpt":{"rendered":"<p>Ravissantes avec leurs talons bloc \u00e0 strass argent\u00e9s et leurs boucles autour des chevilles, ces sandales en daim souligneront votre pied tout en d\u00e9licatesse. Scintillantes et estivales, elles complimenteront des robes immacul\u00e9es comme des jupes vaporeuses.<\/p>\n","protected":false},"featured_media":65517,"comment_status":"open","ping_status":"open","template":"","meta":[],"product_brand":[],"product_cat":[405,406],"product_tag":[],"class_list":{"0":"post-41872","1":"product","2":"type-product","3":"status-publish","4":"has-post-thumbnail","6":"product_cat-chaussures","7":"product_cat-chaussures-a-talons","9":"first","10":"outofstock","11":"taxable","12":"shipping-taxable","13":"product-type-variable","14":"has-default-attributes"},"_links":{"self":[{"href":"https:\/\/melanybrown.com\/fr\/wp-json\/wp\/v2\/product\/41872","targetHints":{"allow":["GET"]}}],"collection":[{"href":"https:\/\/melanybrown.com\/fr\/wp-json\/wp\/v2\/product"}],"about":[{"href":"https:\/\/melanybrown.com\/fr\/wp-json\/wp\/v2\/types\/product"}],"replies":[{"embeddable":true,"href":"https:\/\/melanybrown.com\/fr\/wp-json\/wp\/v2\/comments?post=41872"}],"wp:featuredmedia":[{"embeddable":true,"href":"https:\/\/melanybrown.com\/fr\/wp-json\/wp\/v2\/media\/65517"}],"wp:attachment":[{"href":"https:\/\/melanybrown.com\/fr\/wp-json\/wp\/v2\/media?parent=41872"}],"wp:term":[{"taxonomy":"product_brand","embeddable":true,"href":"https:\/\/melanybrown.com\/fr\/wp-json\/wp\/v2\/product_brand?post=41872"},{"taxonomy":"product_cat","embeddable":true,"href":"https:\/\/melanybrown.com\/fr\/wp-json\/wp\/v2\/product_cat?post=41872"},{"taxonomy":"product_tag","embeddable":true,"href":"https:\/\/melanybrown.com\/fr\/wp-json\/wp\/v2\/product_tag?post=41872"}],"curies":[{"name":"wp","href":"https:\/\/api.w.org\/{rel}","templated":true}]}}