{"id":42105,"date":"2025-03-24T21:55:58","date_gmt":"2025-03-24T21:55:58","guid":{"rendered":"https:\/\/melanybrown.com\/product\/sandales-greta-or\/"},"modified":"2025-06-26T22:08:32","modified_gmt":"2025-06-26T22:08:32","slug":"sandales-greta-or","status":"publish","type":"product","link":"https:\/\/melanybrown.com\/fr\/sandales-greta-or\/","title":{"rendered":"Sandales GRETA Or"},"content":{"rendered":"","protected":false},"excerpt":{"rendered":"<p>La mule est \u00e0 l&#8217;honneur cette saison avec ce mod\u00e8le m\u00e9tallis\u00e9 au simili cuir matelass\u00e9. Dot\u00e9 d&#8217;un talon carr\u00e9 tr\u00e8s confortable, ce mod\u00e8le polyvalent pourra aussi bien accompagner une tenue de soir\u00e9e qu&#8217;un jean court en journ\u00e9e!<\/p>\n","protected":false},"featured_media":42106,"comment_status":"open","ping_status":"open","template":"","meta":[],"product_brand":[],"product_cat":[405,406],"product_tag":[],"class_list":{"0":"post-42105","1":"product","2":"type-product","3":"status-publish","4":"has-post-thumbnail","6":"product_cat-chaussures","7":"product_cat-chaussures-a-talons","9":"first","10":"outofstock","11":"taxable","12":"shipping-taxable","13":"product-type-variable","14":"has-default-attributes"},"_links":{"self":[{"href":"https:\/\/melanybrown.com\/fr\/wp-json\/wp\/v2\/product\/42105","targetHints":{"allow":["GET"]}}],"collection":[{"href":"https:\/\/melanybrown.com\/fr\/wp-json\/wp\/v2\/product"}],"about":[{"href":"https:\/\/melanybrown.com\/fr\/wp-json\/wp\/v2\/types\/product"}],"replies":[{"embeddable":true,"href":"https:\/\/melanybrown.com\/fr\/wp-json\/wp\/v2\/comments?post=42105"}],"wp:featuredmedia":[{"embeddable":true,"href":"https:\/\/melanybrown.com\/fr\/wp-json\/wp\/v2\/media\/42106"}],"wp:attachment":[{"href":"https:\/\/melanybrown.com\/fr\/wp-json\/wp\/v2\/media?parent=42105"}],"wp:term":[{"taxonomy":"product_brand","embeddable":true,"href":"https:\/\/melanybrown.com\/fr\/wp-json\/wp\/v2\/product_brand?post=42105"},{"taxonomy":"product_cat","embeddable":true,"href":"https:\/\/melanybrown.com\/fr\/wp-json\/wp\/v2\/product_cat?post=42105"},{"taxonomy":"product_tag","embeddable":true,"href":"https:\/\/melanybrown.com\/fr\/wp-json\/wp\/v2\/product_tag?post=42105"}],"curies":[{"name":"wp","href":"https:\/\/api.w.org\/{rel}","templated":true}]}}