{"id":42427,"date":"2022-06-20T13:00:32","date_gmt":"2022-06-20T13:00:32","guid":{"rendered":"https:\/\/melanybrown.com\/product\/chaussures-taylor-bleu\/"},"modified":"2022-06-20T13:00:32","modified_gmt":"2022-06-20T13:00:32","slug":"sandales-taylor-bleu","status":"publish","type":"product","link":"https:\/\/melanybrown.com\/fr\/sandales-taylor-bleu\/","title":{"rendered":"Sandales TAYLOR Bleu"},"content":{"rendered":"<p>Gros coup de c\u0153ur pour ces mules plates en imprim\u00e9 animalier color\u00e9 pour infuser une note glamour \u00e0 votre tenue. Dot\u00e9es de larges brides crois\u00e9es, elles suivront chacun de vos pas tout en vous procurant un confort absolu.<\/p>\n","protected":false},"excerpt":{"rendered":"<p>Gros coup de c\u0153ur pour ces mules plates en imprim\u00e9 animalier color\u00e9 pour infuser une note glamour \u00e0 votre tenue. Dot\u00e9es de larges brides crois\u00e9es, elles suivront chacun de vos pas tout en vous procurant un confort absolu.<\/p>\n","protected":false},"featured_media":42428,"comment_status":"open","ping_status":"open","template":"","meta":[],"product_brand":[],"product_cat":[405,421],"product_tag":[],"class_list":{"0":"post-42427","1":"product","2":"type-product","3":"status-publish","4":"has-post-thumbnail","6":"product_cat-chaussures","7":"product_cat-chaussures-plates","9":"first","10":"outofstock","11":"product-type-variable","12":"has-default-attributes"},"_links":{"self":[{"href":"https:\/\/melanybrown.com\/fr\/wp-json\/wp\/v2\/product\/42427","targetHints":{"allow":["GET"]}}],"collection":[{"href":"https:\/\/melanybrown.com\/fr\/wp-json\/wp\/v2\/product"}],"about":[{"href":"https:\/\/melanybrown.com\/fr\/wp-json\/wp\/v2\/types\/product"}],"replies":[{"embeddable":true,"href":"https:\/\/melanybrown.com\/fr\/wp-json\/wp\/v2\/comments?post=42427"}],"wp:featuredmedia":[{"embeddable":true,"href":"https:\/\/melanybrown.com\/fr\/wp-json\/wp\/v2\/media\/42428"}],"wp:attachment":[{"href":"https:\/\/melanybrown.com\/fr\/wp-json\/wp\/v2\/media?parent=42427"}],"wp:term":[{"taxonomy":"product_brand","embeddable":true,"href":"https:\/\/melanybrown.com\/fr\/wp-json\/wp\/v2\/product_brand?post=42427"},{"taxonomy":"product_cat","embeddable":true,"href":"https:\/\/melanybrown.com\/fr\/wp-json\/wp\/v2\/product_cat?post=42427"},{"taxonomy":"product_tag","embeddable":true,"href":"https:\/\/melanybrown.com\/fr\/wp-json\/wp\/v2\/product_tag?post=42427"}],"curies":[{"name":"wp","href":"https:\/\/api.w.org\/{rel}","templated":true}]}}